{"id":14195,"date":"2019-07-31T10:38:24","date_gmt":"2019-07-31T13:38:24","guid":{"rendered":"https:\/\/pt.blogs.cam4.com\/?page_id=14195"},"modified":"2019-07-31T11:04:37","modified_gmt":"2019-07-31T14:04:37","slug":"ganhe-250-fichas-de-bonus-pedindo-um-cartao-cam4-crosscard","status":"publish","type":"page","link":"https:\/\/pt.cam4.com\/blog\/ganhe-250-fichas-de-bonus-pedindo-um-cartao-cam4-crosscard\/","title":{"rendered":"Ganhe 250 fichas de b\u00f4nus pedindo um cart\u00e3o CAM4 &#8211; Crosscard"},"content":{"rendered":"<div class=\"single_title\">\n<h1><span class=\"tlid-translation translation\" lang=\"pt\"><span class=\"\" title=\"\">Pe\u00e7a um cart\u00e3o de D\u00e9bito CAM4-Crosscard agora para ter maior facilidade de pagamento e ganhe 250 fichas de b\u00f4nus at\u00e9 o final de agosto!<\/span><\/span><\/h1>\n<\/div>\n<div class=\"clear\">\n<div class=\"irc_mimg irc_hic\"><a href=\"https:\/\/pt.cam4.com\/blog\/files\/2019\/07\/cam4crosscard-offer_pt.jpg\"><img loading=\"lazy\" class=\"alignnone wp-image-14198\" src=\"https:\/\/pt.cam4.com\/blog\/files\/2019\/07\/cam4crosscard-offer_pt-1024x508.jpg\" alt=\"cam4crosscard-offer_pt\" width=\"500\" height=\"248\" srcset=\"https:\/\/pt.cam4.com\/blog\/wp-content\/blogs.dir\/10\/files\/2019\/07\/cam4crosscard-offer_pt.jpg 1024w, https:\/\/pt.cam4.com\/blog\/wp-content\/blogs.dir\/10\/files\/2019\/07\/cam4crosscard-offer_pt-300x149.jpg 300w, https:\/\/pt.cam4.com\/blog\/wp-content\/blogs.dir\/10\/files\/2019\/07\/cam4crosscard-offer_pt-600x298.jpg 600w\" sizes=\"(max-width: 500px) 100vw, 500px\" \/><\/a><\/div>\n<\/div>\n<div class=\"single_text\">\n<div class=\"text-wrap tlid-copy-target\">\n<p><strong><strong><strong><span class=\"tlid-translation translation\" lang=\"pt\"><span class=\"\" title=\"\">O cart\u00e3o CAM4-Crosscard tem muitas vantagens:<\/span><\/span><\/strong><\/strong><\/strong><\/p>\n<p><span id=\"result_box\" class=\"\" lang=\"fr\">&#8211; <strong><span class=\"tlid-translation translation\" lang=\"pt\"><span class=\"\" title=\"\">Econ\u00f4mico<\/span><\/span>:<\/strong> CAM4-Crosscard <span class=\"\"><span class=\"tlid-translation translation\" lang=\"pt\"><span class=\"\" title=\"\">\u00e9 o cart\u00e3o mais barato atualmente em circula\u00e7\u00e3o.<\/span> <span title=\"\">O cart\u00e3o \u00e9 completamente GR\u00c1TIS e os custos de manuten\u00e7\u00e3o da conta s\u00e3o extremamente baixos.<\/span><\/span><\/span><\/span><\/p>\n<p><span id=\"result_box\" class=\"\" lang=\"fr\">&#8211; <strong><span class=\"tlid-translation translation\" lang=\"pt\"><span class=\"\" title=\"\">R\u00e1pido<\/span><\/span><\/strong>: Os <span class=\"\"><span class=\"tlid-translation translation\" lang=\"pt\"><span title=\"\">Tokens solicitados para serem creditados levar\u00e3o apenas 3 dias para estarem dispon\u00edveis em sua conta.<\/span><\/span><\/span><\/span><\/p>\n<p><span id=\"result_box\" class=\"\" lang=\"fr\">&#8211; <strong>Simples<\/strong>: <span class=\"\"><span class=\"tlid-translation translation\" lang=\"pt\"><span class=\"\" title=\"\">O processo de inscri\u00e7\u00e3o do cart\u00e3o \u00e9 realmente simples!<\/span> <span title=\"\">Basta digitar seu nome completo e o endere\u00e7o de entrega.<\/span> <span title=\"\">O cart\u00e3o ser\u00e1 entregue em uma semana.<\/span><\/span><br \/>\n<\/span><\/span><\/p>\n<p><span id=\"result_box\" class=\"\" lang=\"fr\"><span class=\"\">&#8211; <strong><span class=\"tlid-translation translation\" lang=\"pt\"><span class=\"\" title=\"\">Confi\u00e1vel<\/span><\/span>:<\/strong> CAM4-CrossCard <span class=\"tlid-translation translation\" lang=\"pt\"><span class=\"\" title=\"\">\u00e9 aprovado pela Financial Authority FCA no Reino Unido e recentemente firmou parceria com PAYPAL, Citi Ventures e FPE Group.<\/span><\/span><br \/>\n<\/span><\/span><\/p>\n<h3><strong><a href=\"https:\/\/pt.cam4.com\/blog\/cam4-crosscard\/\" target=\"_blank\"><span class=\"tlid-translation translation\" lang=\"pt\"><span class=\"\" title=\"\">Como receber e ativar o cart\u00e3o?<\/span> <span title=\"\">Clique aqui<\/span><\/span><\/a><\/strong><\/h3>\n<\/div>\n<div class=\"tlid-result-transliteration-container result-transliteration-container transliteration-container\">\n<div class=\"text-wrap tlid-copy-target\">\n<p class=\"result-shield-container tlid-copy-target\" tabindex=\"0\"><strong><span class=\"tlid-translation translation\" lang=\"fr\"><span class=\"\" title=\"\"> _____________________________________________________________________________________________________________________________<\/span><\/span><\/strong><\/p>\n<\/div>\n<\/div>\n<\/div>\n<h2 class=\"single_text\"><span class=\"tlid-translation translation\" lang=\"pt\"><span class=\"\" title=\"\">Ap\u00f3s a ativa\u00e7\u00e3o no site do CAM4 como o principal m\u00e9todo de pagamento, receba 250 fichas gr\u00e1tis na sua conta!<\/span><\/span><\/h2>\n<div class=\"single_text\">\n<div class=\"text-wrap tlid-copy-target\">\n<div class=\"tlid-result-transliteration-container result-transliteration-container transliteration-container\"><span class=\"tlid-translation translation\" lang=\"fr\"><span class=\"\" title=\"\"><span class=\"tlid-translation translation\" lang=\"pt\">Depois de ter recebido e ativado o seu cart\u00e3o, certifique-se de que o CAM4-Crosscard est\u00e1 definido como a op\u00e7\u00e3o de pagamento padr\u00e3o no seu performer Dashboard. <span title=\"\">Um \u00edcone azul aparecer\u00e1 ao lado para identificar seu m\u00e9todo de pagamento principal, conforme abaixo:<\/span><\/span><br \/>\n<\/span><\/span><\/div>\n<\/div>\n<p><a class=\"fancybox\" href=\"https:\/\/it.cam4.com\/blog\/files\/2019\/07\/seleziona-cam4-crosscard-.jpg\" rel=\"fancybox\"><img loading=\"lazy\" class=\"aligncenter wp-image-33175 \" src=\"https:\/\/it.cam4.com\/blog\/files\/2019\/07\/seleziona-cam4-crosscard-.jpg\" alt=\"seleziona cam4 crosscard\" width=\"824\" height=\"65\" \/><\/a><strong><br \/>\n<span class=\"tlid-translation translation\" lang=\"pt\"><span class=\"\" title=\"\">Depois de configurar seu m\u00e9todo de pagamento padr\u00e3o pelo CAM4-Crosscard, 250 fichas gr\u00e1tis ser\u00e3o creditadas em sua conta at\u00e9 31 de agosto.<\/span> <span title=\"\">Aproveite!<\/span><\/span><br \/>\n<\/strong><\/p>\n<p>&nbsp;<\/p>\n<p>&nbsp;<\/p>\n<p><strong><span class=\"tlid-translation translation\" lang=\"pt\"><span class=\"\" title=\"\">Condi\u00e7\u00f5es gerais para se beneficiar de 250 fichas<\/span><\/span><br \/>\n<\/strong><\/p>\n<p><em><span class=\"tlid-translation translation\" lang=\"fr\"><span title=\"\"><span class=\"tlid-translation translation\" lang=\"pt\"><span class=\"\" title=\"\">Promo\u00e7\u00e3o reservada para usu\u00e1rios de webcam residentes na Europa que ainda n\u00e3o ativaram um cart\u00e3o Crosscard CAM4 e para quem o Crosscard CAM4 n\u00e3o \u00e9 o m\u00e9todo de pagamento padr\u00e3o atual.<\/span><\/span><\/span><\/span><\/em><\/p>\n<p><em><span title=\"\"><span class=\"tlid-translation translation\" lang=\"pt\"><span class=\"\" title=\"\">Per\u00edodo de validade da promo\u00e7\u00e3o: de 1\u00ba de agosto a 31 de agosto de 2019.<\/span><\/span><\/span><\/em><\/p>\n<p><em><span class=\"\" title=\"\"><span class=\"tlid-translation translation\" lang=\"pt\">Os Performers que ativaram e configuraram seu CAM4-Crosscard como o m\u00e9todo de pagamento padr\u00e3o no CAM4 at\u00e9 31 de agosto receber\u00e3o 250 fichas gr\u00e1tis<\/span><\/span><\/em><\/p>\n<p><em><span class=\"\" title=\"\"><span class=\"tlid-translation translation\" lang=\"pt\">O CAM4-Crosscard s\u00f3 pode ser solicitado atrav\u00e9s do performer Dashboard e s\u00f3 pode ser usado para retirar o dinheiro ganho no CAM4.<\/span><\/span><\/em><\/p>\n<p><em><span class=\"\" title=\"\">Crosscard <span class=\"tlid-translation translation\" lang=\"pt\">n\u00e3o responder\u00e1 diretamente aos pedidos de ativa\u00e7\u00e3o de novos cart\u00f5es feitos atrav\u00e9s de seu site.<\/span><br \/>\n<\/span><\/em><\/p>\n<\/div>\n","protected":false},"excerpt":{"rendered":"<p>Pe\u00e7a um cart\u00e3o de D\u00e9bito CAM4-Crosscard agora para ter maior facilidade de pagamento e ganhe 250 fichas de b\u00f4nus at\u00e9 o final de<\/p>\n","protected":false},"author":1,"featured_media":0,"parent":0,"menu_order":0,"comment_status":"open","ping_status":"closed","template":"","meta":[],"yoast_head":"<!-- This site is optimized with the Yoast SEO plugin v15.3 - https:\/\/yoast.com\/wordpress\/plugins\/seo\/ -->\n<meta name=\"robots\" content=\"index, follow, max-snippet:-1, max-image-preview:large, max-video-preview:-1\" \/>\n<link rel=\"canonical\" href=\"https:\/\/pt.cam4.com\/blog\/ganhe-250-fichas-de-bonus-pedindo-um-cartao-cam4-crosscard\/\" \/>\n<meta property=\"og:locale\" content=\"en_US\" \/>\n<meta property=\"og:type\" content=\"article\" \/>\n<meta property=\"og:title\" content=\"Ganhe 250 fichas de b\u00f4nus pedindo um cart\u00e3o CAM4 - Crosscard - Cam4 Brasil e Portugal\" \/>\n<meta property=\"og:description\" content=\"Pe\u00e7a um cart\u00e3o de D\u00e9bito CAM4-Crosscard agora para ter maior facilidade de pagamento e ganhe 250 fichas de b\u00f4nus at\u00e9 o final de\" \/>\n<meta property=\"og:url\" content=\"https:\/\/pt.cam4.com\/blog\/ganhe-250-fichas-de-bonus-pedindo-um-cartao-cam4-crosscard\/\" \/>\n<meta property=\"og:site_name\" content=\"Cam4 Brasil e Portugal\" \/>\n<meta property=\"article:modified_time\" content=\"2019-07-31T14:04:37+00:00\" \/>\n<meta property=\"og:image\" content=\"https:\/\/pt.cam4.com\/blog\/files\/2019\/07\/cam4crosscard-offer_pt-1024x508.jpg\" \/>\n<meta name=\"twitter:label1\" content=\"Written by\">\n\t<meta name=\"twitter:data1\" content=\"Admin\">\n\t<meta name=\"twitter:label2\" content=\"Est. reading time\">\n\t<meta name=\"twitter:data2\" content=\"2 minutes\">\n<script type=\"application\/ld+json\" class=\"yoast-schema-graph\">{\"@context\":\"https:\/\/schema.org\",\"@graph\":[{\"@type\":\"WebSite\",\"@id\":\"https:\/\/pt.cam4.com\/blog\/#website\",\"url\":\"https:\/\/pt.cam4.com\/blog\/\",\"name\":\"Cam4 Brasil e Portugal\",\"description\":\"Entrevistas com performers do Cam4 e novidades sobre o site\",\"potentialAction\":[{\"@type\":\"SearchAction\",\"target\":\"https:\/\/pt.cam4.com\/blog\/?s={search_term_string}\",\"query-input\":\"required name=search_term_string\"}],\"inLanguage\":\"en-US\"},{\"@type\":\"ImageObject\",\"@id\":\"https:\/\/pt.cam4.com\/blog\/ganhe-250-fichas-de-bonus-pedindo-um-cartao-cam4-crosscard\/#primaryimage\",\"inLanguage\":\"en-US\",\"url\":\"https:\/\/pt.cam4.com\/blog\/files\/2019\/07\/cam4crosscard-offer_pt-1024x508.jpg\"},{\"@type\":\"WebPage\",\"@id\":\"https:\/\/pt.cam4.com\/blog\/ganhe-250-fichas-de-bonus-pedindo-um-cartao-cam4-crosscard\/#webpage\",\"url\":\"https:\/\/pt.cam4.com\/blog\/ganhe-250-fichas-de-bonus-pedindo-um-cartao-cam4-crosscard\/\",\"name\":\"Ganhe 250 fichas de b\\u00f4nus pedindo um cart\\u00e3o CAM4 - Crosscard - Cam4 Brasil e Portugal\",\"isPartOf\":{\"@id\":\"https:\/\/pt.cam4.com\/blog\/#website\"},\"primaryImageOfPage\":{\"@id\":\"https:\/\/pt.cam4.com\/blog\/ganhe-250-fichas-de-bonus-pedindo-um-cartao-cam4-crosscard\/#primaryimage\"},\"datePublished\":\"2019-07-31T13:38:24+00:00\",\"dateModified\":\"2019-07-31T14:04:37+00:00\",\"inLanguage\":\"en-US\",\"potentialAction\":[{\"@type\":\"ReadAction\",\"target\":[\"https:\/\/pt.cam4.com\/blog\/ganhe-250-fichas-de-bonus-pedindo-um-cartao-cam4-crosscard\/\"]}]}]}<\/script>\n<!-- \/ Yoast SEO plugin. -->","_links":{"self":[{"href":"https:\/\/pt.cam4.com\/blog\/wp-json\/wp\/v2\/pages\/14195"}],"collection":[{"href":"https:\/\/pt.cam4.com\/blog\/wp-json\/wp\/v2\/pages"}],"about":[{"href":"https:\/\/pt.cam4.com\/blog\/wp-json\/wp\/v2\/types\/page"}],"author":[{"embeddable":true,"href":"https:\/\/pt.cam4.com\/blog\/wp-json\/wp\/v2\/users\/1"}],"replies":[{"embeddable":true,"href":"https:\/\/pt.cam4.com\/blog\/wp-json\/wp\/v2\/comments?post=14195"}],"version-history":[{"count":0,"href":"https:\/\/pt.cam4.com\/blog\/wp-json\/wp\/v2\/pages\/14195\/revisions"}],"wp:attachment":[{"href":"https:\/\/pt.cam4.com\/blog\/wp-json\/wp\/v2\/media?parent=14195"}],"curies":[{"name":"wp","href":"https:\/\/api.w.org\/{rel}","templated":true}]}}