{"id":14201,"date":"2019-07-31T11:03:12","date_gmt":"2019-07-31T14:03:12","guid":{"rendered":"https:\/\/pt.blogs.cam4.com\/?page_id=14201"},"modified":"2019-07-31T11:03:12","modified_gmt":"2019-07-31T14:03:12","slug":"cam4-crosscard","status":"publish","type":"page","link":"https:\/\/pt.cam4.com\/blog\/cam4-crosscard\/","title":{"rendered":"CAM4-CROSSCARD"},"content":{"rendered":"<p><em><span class=\"tlid-translation translation\" lang=\"pt\"><span class=\"\" title=\"\">Com o CAM4-Crosscard, voc\u00ea pode solicitar um pagamento r\u00e1pido e gratuito em um CrossCard MasterCard pr\u00e9-pago.<\/span> <span title=\"\">Para usar este m\u00e9todo de pagamento, basta solicitar um cart\u00e3o Crosscard CAM4 gratuito no seu painel do Performer.<\/span> <span title=\"\">Voc\u00ea n\u00e3o pagar\u00e1 nenhuma taxa de envio e o cart\u00e3o chegar\u00e1 dentro de 5 a 10 dias \u00fateis.<\/span><\/span><\/em><\/p>\n<p><em><span class=\"tlid-translation translation\" lang=\"pt\"><br \/>\n<span title=\"\">O cart\u00e3o s\u00f3 pode ser solicitado por residentes europeus.<\/span><\/span><\/em><\/p>\n<p><strong><span class=\"tlid-translation translation\" lang=\"pt\"><span class=\"\" title=\"\">Taxas e envio<\/span><\/span>:<\/strong> GRATUITO.<br \/>\n<strong><span class=\"tlid-translation translation\" lang=\"pt\"><span class=\"\" title=\"\">Pagamento m\u00ednimo:<\/span><\/span><\/strong> 75 $<br \/>\n<strong><span class=\"tlid-translation translation\" lang=\"pt\"><span class=\"\" title=\"\">Tempo de recebimento do pagamento<\/span><\/span>:<\/strong> <span class=\"tlid-translation translation\" lang=\"pt\"><span class=\"\" title=\"\">3-5 dias ap\u00f3s a aprova\u00e7\u00e3o<\/span><\/span><br \/>\n<span id=\"result_box\" class=\"short_text\" lang=\"fr\"><span class=\"\"><strong>Custo de manuten\u00e7\u00e3o<\/strong>: 2 \u20ac <span class=\"tlid-translation translation\" lang=\"pt\"><span title=\"\">por m\u00eas<\/span><\/span><br \/>\n<\/span><\/span><span id=\"result_box\" class=\"\" lang=\"fr\"><span class=\"\"><strong><span class=\"tlid-translation translation\" lang=\"pt\"><span class=\"\" title=\"\">Custo de retirada<\/span><\/span><\/strong>: 2.95 \u20ac (<span title=\"Withdrawal cost: \u20ac 2.95 ( Please note there may be an additional fee charged by the ATM provider)\"><span class=\"tlid-translation translation\" lang=\"pt\"><span class=\"\" title=\"\">Por favor, observe que uma taxa adicional pode ser cobrada pelo provedor de caixa eletr\u00f4nico.<\/span><\/span>)<\/span><\/span><\/span><\/p>\n<p>&nbsp;<\/p>\n<p><span class=\"tlid-translation translation\" lang=\"pt\"><span class=\"\" title=\"\">ATEN\u00c7\u00c3O:<\/span><\/span><br \/>\n<span id=\"result_box\" class=\"\" lang=\"fr\"><\/span><\/p>\n<ul>\n<li><span id=\"result_box\" class=\"\" lang=\"fr\"><span class=\"\"><span class=\"tlid-translation translation\" lang=\"pt\"><span class=\"\" title=\"\">Quem j\u00e1 tem um cart\u00e3o CAM4-Crosscard * N\u00c3O enviado pelo CAM4 * ter\u00e1 que solicitar um novo atrav\u00e9s do perfomer Dashboard.<\/span><\/span><\/span><\/span><\/li>\n<li><span class=\"tlid-translation translation\"><span class=\"tlid-translation translation\"><span class=\"tlid-translation translation\"><span class=\"\" title=\"\"><span class=\"tlid-translation translation\" lang=\"pt\">O cart\u00e3o CAM4-Crosscard enviado pelo CAM4 s\u00f3 pode ser usado para receber pagamentos do CAM4. <span title=\"\">Crosscard n\u00e3o responder\u00e1 diretamente aos pedidos para receber um Crosscard CAM4 atrav\u00e9s de seu site!<\/span><\/span><\/span><\/span><\/span><\/span>&nbsp;<br \/>\n<h4><span class=\"short_text\" lang=\"fr\"><span class=\"\"><span class=\"tlid-translation translation\" lang=\"pt\"><span class=\"\" title=\"\">Como posso solicitar um Crosscard CAM4 pr\u00e9-pago?<\/span><\/span><\/span><\/span><\/h4>\n<ul>\n<li><span id=\"result_box\" class=\"\" lang=\"fr\"><span class=\"\"><span class=\"tlid-translation translation\" lang=\"pt\"><span class=\"\" title=\"\">Fa\u00e7a o login no seu performer dashboard no seu perfil do CAM4<\/span><\/span><\/span><\/span><\/li>\n<li><span id=\"result_box\" class=\"\" lang=\"fr\"><span class=\"\"><span class=\"tlid-translation translation\" lang=\"pt\"><span class=\"\" title=\"\">No menu superior, selecione &#8220;Solicitar um pagamento&#8221; e, na op\u00e7\u00e3o CAM4-Crosscard, clique em &#8220;Quero me inscrever para uma nova conta&#8221;<\/span><\/span><\/span><\/span><\/li>\n<li><span class=\"tlid-translation translation\"><span class=\"\" title=\"\"><span class=\"tlid-translation translation\" lang=\"pt\">Insira as informa\u00e7\u00f5es necess\u00e1rias para solicitar o cart\u00e3o: sobrenome, nome, endere\u00e7o com c\u00f3digo postal e pa\u00eds de resid\u00eancia<\/span><\/span><\/span><\/li>\n<li><span id=\"result_box\" class=\"\" lang=\"fr\"><span class=\"\"><span class=\"tlid-translation translation\" lang=\"pt\"><span class=\"\" title=\"\">Depois de inserir as informa\u00e7\u00f5es, sua solicita\u00e7\u00e3o ser\u00e1 processada imediatamente.<\/span> <span title=\"\">O cart\u00e3o, ap\u00f3s a aprova\u00e7\u00e3o do seu pedido, ser\u00e1 enviado para o endere\u00e7o indicado.<\/span> <span title=\"\">Tempo de entrega: 5-10 dias \u00fateis.<\/span><\/span><\/span><\/span><\/li>\n<\/ul>\n<p><a href=\"https:\/\/pt.cam4.com\/blog\/files\/2019\/07\/crrs.jpg\"><img loading=\"lazy\" class=\"alignnone wp-image-14203\" src=\"https:\/\/pt.cam4.com\/blog\/files\/2019\/07\/crrs-1024x351.jpg\" alt=\"crrs\" width=\"700\" height=\"240\" srcset=\"https:\/\/pt.cam4.com\/blog\/wp-content\/blogs.dir\/10\/files\/2019\/07\/crrs-1024x351.jpg 1024w, https:\/\/pt.cam4.com\/blog\/wp-content\/blogs.dir\/10\/files\/2019\/07\/crrs-300x103.jpg 300w, https:\/\/pt.cam4.com\/blog\/wp-content\/blogs.dir\/10\/files\/2019\/07\/crrs-600x206.jpg 600w, https:\/\/pt.cam4.com\/blog\/wp-content\/blogs.dir\/10\/files\/2019\/07\/crrs.jpg 1842w\" sizes=\"(max-width: 700px) 100vw, 700px\" \/><\/a><\/p>\n<p><span class=\"tlid-translation translation\" lang=\"pt\"><span class=\"\" title=\"\"><strong>Aviso:<\/strong> um cart\u00e3o s\u00f3 pode ser emitido se sua conta for aprovada<br \/>\n<\/span><\/span><\/p>\n<p><strong><span id=\"result_box\" class=\"\" lang=\"fr\"><span class=\"\"><span class=\"tlid-translation translation\"><span class=\"\" title=\"\"><span class=\"tlid-translation translation\" lang=\"pt\">OBS: Se voc\u00ea j\u00e1 tem um cart\u00e3o CAM4-Crosscard * que n\u00e3o \u00e9 enviado pelo CAM4 *, voc\u00ea precisar\u00e1 solicitar um novo atrav\u00e9s do Performer Dashboard (como mostrado): um cart\u00e3o Crosscard n\u00e3o solicitado atrav\u00e9s do performer Dashboard n\u00e3o funcionar\u00e1 <span title=\"\">como m\u00e9todo de pagamento no CAM4.<\/span> <span title=\"\">Crosscard n\u00e3o responder\u00e1 diretamente aos pedidos para receber um Crosscard CAM4 atrav\u00e9s de seu site!<\/span><\/span><\/span><\/span><\/span><\/span><\/strong><\/p>\n<p><a href=\"https:\/\/pt.cam4.com\/blog\/files\/2019\/07\/cross.jpg\"><img loading=\"lazy\" class=\"alignnone wp-image-14204 size-full\" src=\"https:\/\/pt.cam4.com\/blog\/files\/2019\/07\/cross.jpg\" alt=\"cross\" width=\"700\" height=\"659\" srcset=\"https:\/\/pt.cam4.com\/blog\/wp-content\/blogs.dir\/10\/files\/2019\/07\/cross.jpg 700w, https:\/\/pt.cam4.com\/blog\/wp-content\/blogs.dir\/10\/files\/2019\/07\/cross-300x282.jpg 300w, https:\/\/pt.cam4.com\/blog\/wp-content\/blogs.dir\/10\/files\/2019\/07\/cross-600x565.jpg 600w\" sizes=\"(max-width: 700px) 100vw, 700px\" \/><\/a><\/p>\n<h3><span id=\"result_box\" class=\"short_text\" lang=\"fr\"><span class=\"tlid-translation translation\" lang=\"pt\"><span class=\"\" title=\"\">Eu recebi o cart\u00e3o.<\/span> <span title=\"\">Como ativar isso?<\/span><\/span><br \/>\n<\/span><\/h3>\n<p><span id=\"result_box\" class=\"\" lang=\"fr\"><span class=\"\"><span class=\"tlid-translation translation\" lang=\"pt\"><span class=\"\" title=\"\">O pacote contendo o seu novo CAM4-Crosscard cont\u00e9m todas as informa\u00e7\u00f5es necess\u00e1rias para uma ativa\u00e7\u00e3o r\u00e1pida.<\/span><\/span><\/span><\/span><\/p>\n<p><img loading=\"lazy\" class=\"alignnone  wp-image-14436\" src=\"https:\/\/www.cam4support.com\/wp-content\/uploads\/crosscard_activation.jpg\" alt=\"\" width=\"810\" height=\"301\" \/><\/p>\n<div id=\"gt-res-content\">\n<ul>\n<li id=\"gt-res-dir-ctr\" class=\"trans-verified-button-small\" dir=\"ltr\"><span id=\"result_box\" class=\"\" lang=\"fr\"><span class=\"\"><span class=\"tlid-translation translation\" lang=\"pt\"><span class=\"\" title=\"\">Assine o verso do cart\u00e3o com o seu nome &#8211; V\u00e1 para www.cardstatus.com e escolha Novo Cart\u00e3o?<\/span> <span title=\"\">Ative agora!<\/span> <span title=\"\">Caso contr\u00e1rio, <a href=\"https:\/\/www.cardstatus.com\/pt\/activate\" target=\"_blank\">clique aqui<\/a><\/span><\/span><\/span><br \/>\n<\/span><\/li>\n<\/ul>\n<\/div>\n<div id=\"gt-res-content\">\n<ul>\n<li dir=\"ltr\"><span id=\"result_box\" class=\"\" lang=\"fr\"><span class=\"tlid-translation translation\" lang=\"pt\"><span class=\"\" title=\"\">Insira os detalhes do seu cart\u00e3o (os \u00faltimos 4 d\u00edgitos do n\u00famero do cart\u00e3o e os 9 d\u00edgitos da conta do cart\u00e3o)<\/span><\/span><\/span><\/li>\n<\/ul>\n<\/div>\n<div id=\"gt-res-content\">\n<ul>\n<li><span id=\"result_box\" class=\"\" lang=\"fr\"><span class=\"tlid-translation translation\" lang=\"pt\"><span class=\"\" title=\"\">Digite sua data de nascimento e escolha uma senha.<\/span><\/span><\/span><\/li>\n<\/ul>\n<\/div>\n<p><a href=\"https:\/\/pt.cam4.com\/blog\/files\/2019\/07\/cs.jpg\"><img loading=\"lazy\" class=\"alignnone size-full wp-image-14205\" src=\"https:\/\/pt.cam4.com\/blog\/files\/2019\/07\/cs.jpg\" alt=\"cs\" width=\"822\" height=\"714\" srcset=\"https:\/\/pt.cam4.com\/blog\/wp-content\/blogs.dir\/10\/files\/2019\/07\/cs.jpg 822w, https:\/\/pt.cam4.com\/blog\/wp-content\/blogs.dir\/10\/files\/2019\/07\/cs-300x261.jpg 300w, https:\/\/pt.cam4.com\/blog\/wp-content\/blogs.dir\/10\/files\/2019\/07\/cs-600x521.jpg 600w\" sizes=\"(max-width: 822px) 100vw, 822px\" \/><\/a><\/p>\n<ul>\n<li><span id=\"result_box\" class=\"\" lang=\"fr\"><span class=\"tlid-translation translation\" lang=\"pt\"><span class=\"\" title=\"\">Digite seu endere\u00e7o de e-mail e n\u00famero de celular na pr\u00f3xima tela para verificar sua conta.<\/span><\/span><br \/>\n<span class=\"\">\u2013 <span class=\"tlid-translation translation\" lang=\"pt\"><span class=\"\" title=\"\">Verifique seu endere\u00e7o de e-mail e e-mail de verifica\u00e7\u00e3o (se voc\u00ea n\u00e3o encontrar o olhe na pasta spam \/ junk)<\/span><\/span>.<\/span><\/span><\/li>\n<li><span id=\"result_box\" class=\"\" lang=\"fr\"><span class=\"tlid-translation translation\" lang=\"pt\"><span class=\"\" title=\"\">Voc\u00ea receber\u00e1 um SMS contendo o c\u00f3digo PIN do seu cart\u00e3o (para usar no momento da retirada e para pagamentos).<\/span> <span title=\"\">Lembre-se de manter o seu PIN em segredo! Assim que esses passos simples forem conclu\u00eddos, seu cart\u00e3o ficar\u00e1 ativo.<\/span> <span title=\"\">Voc\u00ea pode solicitar um pagamento direto do seu performer Dashboard e usar seu dinheiro!<\/span> <span title=\"\">Voc\u00ea pode enviar seus ganhos para o seu cart\u00e3o em menos de doze horas e retirar seu dinheiro de qualquer caixa eletr\u00f4nico.<\/span><\/span><br \/>\n<\/span><\/li>\n<\/ul>\n<h4><span id=\"result_box\" class=\"\" lang=\"fr\"><span class=\"\"><span class=\"tlid-translation translation\" lang=\"pt\"><span class=\"\" title=\"\">Como posso remover os limites do cart\u00e3o?<\/span> <span title=\"\">&#8211; Atualiza\u00e7\u00e3o gratuita da conta do CAM4-Crosscard<\/span><\/span><\/span><\/span><\/h4>\n<p><span id=\"result_box\" class=\"\" lang=\"fr\"><span class=\"\"><span class=\"tlid-translation translation\" lang=\"pt\"><span class=\"\" title=\"\">Existe um primeiro limite (imposto por padr\u00e3o) que lhe permite receber um m\u00e1ximo de 1000 \u20ac no seu Crosscard CAM4 e uma retirada m\u00e1xima de 100 \u20ac.<\/span><\/span><br \/>\n<\/span><\/span><span id=\"result_box\" class=\"\" lang=\"fr\"><span class=\"\"><span class=\"tlid-translation translation\" lang=\"pt\"><span class=\"\" title=\"\">Para remover o limite e atualizar sua conta, basta enviar uma foto de seus documentos v\u00e1lidos (Passaporte, carteira de identidade ou carteira de motorista) para cardstatus.com (Fa\u00e7a login com as credenciais escolhidas por<\/span> <span title=\"\">CAM4-Crosscard) A aprova\u00e7\u00e3o, muito r\u00e1pida, pode levar de algumas horas at\u00e9 um m\u00e1ximo de 2 dias \u00fateis.<\/span> <span title=\"\">Assim que o seu documento for aceito, o limite de 100 \u20ac ser\u00e1 automaticamente removido e poder\u00e1 retirar tr\u00eas saques de 800 \u20ac por dia.<\/span> <span title=\"\">Al\u00e9m disso, assim que seu documento for aceito, voc\u00ea receber\u00e1 pagamentos de at\u00e9 \u20ac 15.000 em um ano.<\/span><\/span><br \/>\n<\/span><\/span><\/p>\n<p><span id=\"result_box\" class=\"\" lang=\"fr\"><span class=\"\"><span class=\"tlid-translation translation\" lang=\"fr\"><span class=\"\" title=\"\"><span class=\"tlid-translation translation\" lang=\"pt\">O limite de US $ 15.000 ser\u00e1 automaticamente exclu\u00eddo pelo suporte a Crosscard se todos os fundos vierem do CAM4. <span title=\"\">Se o limite n\u00e3o for removido automaticamente, o performer deve enviar um email para payments@cam4.com indicando os 9 d\u00edgitos do cart\u00e3o.<\/span><\/span><\/span><\/span><\/span><\/span><\/p>\n<p><span class=\"tlid-translation translation\"><span class=\"\" title=\"\"><br \/>\n<\/span><\/span><\/li>\n<\/ul>\n","protected":false},"excerpt":{"rendered":"<p><em>Com o CAM4-Crosscard, voc\u00ea pode solicitar um pagamento r\u00e1pido e gratuito em um CrossCard MasterCard pr\u00e9-pago. Para usar este m\u00e9todo de pagamento, basta<\/p>\n","protected":false},"author":1,"featured_media":0,"parent":0,"menu_order":0,"comment_status":"open","ping_status":"closed","template":"","meta":[],"yoast_head":"<!-- This site is optimized with the Yoast SEO plugin v15.3 - https:\/\/yoast.com\/wordpress\/plugins\/seo\/ -->\n<meta name=\"robots\" content=\"index, follow, max-snippet:-1, max-image-preview:large, max-video-preview:-1\" \/>\n<link rel=\"canonical\" href=\"https:\/\/pt.cam4.com\/blog\/cam4-crosscard\/\" \/>\n<meta property=\"og:locale\" content=\"en_US\" \/>\n<meta property=\"og:type\" content=\"article\" \/>\n<meta property=\"og:title\" content=\"CAM4-CROSSCARD - Cam4 Brasil e Portugal\" \/>\n<meta property=\"og:description\" content=\"Com o CAM4-Crosscard, voc\u00ea pode solicitar um pagamento r\u00e1pido e gratuito em um CrossCard MasterCard pr\u00e9-pago. Para usar este m\u00e9todo de pagamento, basta\" \/>\n<meta property=\"og:url\" content=\"https:\/\/pt.cam4.com\/blog\/cam4-crosscard\/\" \/>\n<meta property=\"og:site_name\" content=\"Cam4 Brasil e Portugal\" \/>\n<meta property=\"og:image\" content=\"https:\/\/pt.cam4.com\/blog\/files\/2019\/07\/crrs-1024x351.jpg\" \/>\n<meta name=\"twitter:label1\" content=\"Written by\">\n\t<meta name=\"twitter:data1\" content=\"Admin\">\n\t<meta name=\"twitter:label2\" content=\"Est. reading time\">\n\t<meta name=\"twitter:data2\" content=\"3 minutes\">\n<script type=\"application\/ld+json\" class=\"yoast-schema-graph\">{\"@context\":\"https:\/\/schema.org\",\"@graph\":[{\"@type\":\"WebSite\",\"@id\":\"https:\/\/pt.cam4.com\/blog\/#website\",\"url\":\"https:\/\/pt.cam4.com\/blog\/\",\"name\":\"Cam4 Brasil e Portugal\",\"description\":\"Entrevistas com performers do Cam4 e novidades sobre o site\",\"potentialAction\":[{\"@type\":\"SearchAction\",\"target\":\"https:\/\/pt.cam4.com\/blog\/?s={search_term_string}\",\"query-input\":\"required name=search_term_string\"}],\"inLanguage\":\"en-US\"},{\"@type\":\"ImageObject\",\"@id\":\"https:\/\/pt.cam4.com\/blog\/cam4-crosscard\/#primaryimage\",\"inLanguage\":\"en-US\",\"url\":\"https:\/\/pt.cam4.com\/blog\/files\/2019\/07\/crrs-1024x351.jpg\"},{\"@type\":\"WebPage\",\"@id\":\"https:\/\/pt.cam4.com\/blog\/cam4-crosscard\/#webpage\",\"url\":\"https:\/\/pt.cam4.com\/blog\/cam4-crosscard\/\",\"name\":\"CAM4-CROSSCARD - Cam4 Brasil e Portugal\",\"isPartOf\":{\"@id\":\"https:\/\/pt.cam4.com\/blog\/#website\"},\"primaryImageOfPage\":{\"@id\":\"https:\/\/pt.cam4.com\/blog\/cam4-crosscard\/#primaryimage\"},\"datePublished\":\"2019-07-31T14:03:12+00:00\",\"dateModified\":\"2019-07-31T14:03:12+00:00\",\"inLanguage\":\"en-US\",\"potentialAction\":[{\"@type\":\"ReadAction\",\"target\":[\"https:\/\/pt.cam4.com\/blog\/cam4-crosscard\/\"]}]}]}<\/script>\n<!-- \/ Yoast SEO plugin. -->","_links":{"self":[{"href":"https:\/\/pt.cam4.com\/blog\/wp-json\/wp\/v2\/pages\/14201"}],"collection":[{"href":"https:\/\/pt.cam4.com\/blog\/wp-json\/wp\/v2\/pages"}],"about":[{"href":"https:\/\/pt.cam4.com\/blog\/wp-json\/wp\/v2\/types\/page"}],"author":[{"embeddable":true,"href":"https:\/\/pt.cam4.com\/blog\/wp-json\/wp\/v2\/users\/1"}],"replies":[{"embeddable":true,"href":"https:\/\/pt.cam4.com\/blog\/wp-json\/wp\/v2\/comments?post=14201"}],"version-history":[{"count":0,"href":"https:\/\/pt.cam4.com\/blog\/wp-json\/wp\/v2\/pages\/14201\/revisions"}],"wp:attachment":[{"href":"https:\/\/pt.cam4.com\/blog\/wp-json\/wp\/v2\/media?parent=14201"}],"curies":[{"name":"wp","href":"https:\/\/api.w.org\/{rel}","templated":true}]}}