{"id":15100,"date":"2020-05-05T14:20:37","date_gmt":"2020-05-05T17:20:37","guid":{"rendered":"https:\/\/pt.cam4.com\/blog\/?page_id=15100"},"modified":"2020-05-05T14:23:19","modified_gmt":"2020-05-05T17:23:19","slug":"comunicado-cam4","status":"publish","type":"page","link":"https:\/\/pt.cam4.com\/blog\/comunicado-cam4\/","title":{"rendered":"Comunicado CAM4"},"content":{"rendered":"<p><span class=\"tlid-translation translation\" lang=\"pt\">Ontem (segunda-feira, 4 de maio), v\u00e1rios artigos foram publicados por v\u00e1rios meios de comunica\u00e7\u00e3o, relatando uma viola\u00e7\u00e3o de seguran\u00e7a significativa na plataforma do CAM4. O CAM4 foi informado dessa viola\u00e7\u00e3o pela SafetyDetectives.com, uma comunidade on-line de especialistas em seguran\u00e7a que publica blogs sobre software antiv\u00edrus e eventos atuais no mundo da seguran\u00e7a de dados.<\/span><\/p>\n<p>Desenvolvedores e especialistas em seguran\u00e7a foram enviados imediatamente para uma investiga\u00e7\u00e3o mais aprofundada, e a equipe concluiu sem nenhuma d\u00favida que absolutamente nenhuma informa\u00e7\u00e3o de identifica\u00e7\u00e3o pessoal, incluindo nomes, endere\u00e7os, e-mails, endere\u00e7os IP ou dados financeiros, foi acessada indevidamente por qualquer pessoa fora da empresa SafetyDetectives e dos investigadores do CAM4.<\/p>\n<p>Em resposta aos n\u00fameros muito grandes relatados na m\u00eddia, \u00e9 importante observar que os n\u00fameros precisos s\u00e3o muito menores. Ap\u00f3s uma an\u00e1lise imediata do que certamente parecia ser uma perda de alguns dados, a equipe de seguran\u00e7a do CAM4 determinou que os dados pessoais pertencentes a 93 indiv\u00edduos foram acessados \u200b\u200bpela SafetyDetectives. O CAM4 notificou todos os usu\u00e1rios ativos durante os 30 dias do log deste evento e as etapas que tomamos para proteger suas contas.<\/p>\n<p>Em suma, n\u00e3o houve viola\u00e7\u00e3o de seguran\u00e7a maliciosa, resultando na perda de dados pessoais de qualquer servidor CAM4 em todo o mundo. A investiga\u00e7\u00e3o interna concluiu que nenhuma outra conex\u00e3o com os servidores CAM4 foi feita ap\u00f3s uma falha no firewall que permitiu ao SafetyDetectives acessar o site.<\/p>\n<p>O CAM4 leva muito a s\u00e9rio a seguran\u00e7a de dados e a seguran\u00e7a de seus emissores e p\u00fablico-alvo, e possui uma equipe de profissionais escolhidos a dedo monitorando a integridade do site a cada segundo do dia. O CAM4 continuar\u00e1 a ser diligente em rela\u00e7\u00e3o ao acompanhamento e ficaremos felizes em responder as perguntas para aliviar quaisquer preocupa\u00e7\u00f5es do p\u00fablico e da Comunidade CAM4.<\/p>\n","protected":false},"excerpt":{"rendered":"<p>Ontem (segunda-feira, 4 de maio), v\u00e1rios artigos foram publicados por v\u00e1rios meios de comunica\u00e7\u00e3o, relatando uma viola\u00e7\u00e3o de seguran\u00e7a significativa na plataforma do<\/p>\n","protected":false},"author":3,"featured_media":0,"parent":0,"menu_order":0,"comment_status":"closed","ping_status":"closed","template":"","meta":[],"yoast_head":"<!-- This site is optimized with the Yoast SEO plugin v15.3 - https:\/\/yoast.com\/wordpress\/plugins\/seo\/ -->\n<meta name=\"robots\" content=\"index, follow, max-snippet:-1, max-image-preview:large, max-video-preview:-1\" \/>\n<link rel=\"canonical\" href=\"https:\/\/pt.cam4.com\/blog\/comunicado-cam4\/\" \/>\n<meta property=\"og:locale\" content=\"en_US\" \/>\n<meta property=\"og:type\" content=\"article\" \/>\n<meta property=\"og:title\" content=\"Comunicado CAM4 - Cam4 Brasil e Portugal\" \/>\n<meta property=\"og:description\" content=\"Ontem (segunda-feira, 4 de maio), v\u00e1rios artigos foram publicados por v\u00e1rios meios de comunica\u00e7\u00e3o, relatando uma viola\u00e7\u00e3o de seguran\u00e7a significativa na plataforma do\" \/>\n<meta property=\"og:url\" content=\"https:\/\/pt.cam4.com\/blog\/comunicado-cam4\/\" \/>\n<meta property=\"og:site_name\" content=\"Cam4 Brasil e Portugal\" \/>\n<meta property=\"article:modified_time\" content=\"2020-05-05T17:23:19+00:00\" \/>\n<meta name=\"twitter:label1\" content=\"Written by\">\n\t<meta name=\"twitter:data1\" content=\"Andreia\">\n\t<meta name=\"twitter:label2\" content=\"Est. reading time\">\n\t<meta name=\"twitter:data2\" content=\"1 minute\">\n<script type=\"application\/ld+json\" class=\"yoast-schema-graph\">{\"@context\":\"https:\/\/schema.org\",\"@graph\":[{\"@type\":\"WebSite\",\"@id\":\"https:\/\/pt.cam4.com\/blog\/#website\",\"url\":\"https:\/\/pt.cam4.com\/blog\/\",\"name\":\"Cam4 Brasil e Portugal\",\"description\":\"Entrevistas com performers do Cam4 e novidades sobre o site\",\"potentialAction\":[{\"@type\":\"SearchAction\",\"target\":\"https:\/\/pt.cam4.com\/blog\/?s={search_term_string}\",\"query-input\":\"required name=search_term_string\"}],\"inLanguage\":\"en-US\"},{\"@type\":\"WebPage\",\"@id\":\"https:\/\/pt.cam4.com\/blog\/comunicado-cam4\/#webpage\",\"url\":\"https:\/\/pt.cam4.com\/blog\/comunicado-cam4\/\",\"name\":\"Comunicado CAM4 - Cam4 Brasil e Portugal\",\"isPartOf\":{\"@id\":\"https:\/\/pt.cam4.com\/blog\/#website\"},\"datePublished\":\"2020-05-05T17:20:37+00:00\",\"dateModified\":\"2020-05-05T17:23:19+00:00\",\"inLanguage\":\"en-US\",\"potentialAction\":[{\"@type\":\"ReadAction\",\"target\":[\"https:\/\/pt.cam4.com\/blog\/comunicado-cam4\/\"]}]}]}<\/script>\n<!-- \/ Yoast SEO plugin. -->","_links":{"self":[{"href":"https:\/\/pt.cam4.com\/blog\/wp-json\/wp\/v2\/pages\/15100"}],"collection":[{"href":"https:\/\/pt.cam4.com\/blog\/wp-json\/wp\/v2\/pages"}],"about":[{"href":"https:\/\/pt.cam4.com\/blog\/wp-json\/wp\/v2\/types\/page"}],"author":[{"embeddable":true,"href":"https:\/\/pt.cam4.com\/blog\/wp-json\/wp\/v2\/users\/3"}],"replies":[{"embeddable":true,"href":"https:\/\/pt.cam4.com\/blog\/wp-json\/wp\/v2\/comments?post=15100"}],"version-history":[{"count":0,"href":"https:\/\/pt.cam4.com\/blog\/wp-json\/wp\/v2\/pages\/15100\/revisions"}],"wp:attachment":[{"href":"https:\/\/pt.cam4.com\/blog\/wp-json\/wp\/v2\/media?parent=15100"}],"curies":[{"name":"wp","href":"https:\/\/api.w.org\/{rel}","templated":true}]}}