{"id":19549,"date":"2025-12-18T09:55:16","date_gmt":"2025-12-18T12:55:16","guid":{"rendered":"https:\/\/pt.cam4.com\/blog\/?page_id=19549"},"modified":"2025-12-18T10:13:02","modified_gmt":"2025-12-18T13:13:02","slug":"performer-xxxmas","status":"publish","type":"page","link":"https:\/\/pt.cam4.com\/blog\/performer-xxxmas\/","title":{"rendered":"\u2728 Ganhe $100 ou um dos 35 pr\u00eamios com um Show festivo XXXMas25 \u2744!"},"content":{"rendered":"\r\n<p class=\"has-text-align-center\" style=\"text-align: center;\">Este ano tamb\u00e9m n\u00e3o poderia ser menos emocionante do que com o nosso tradicional concurso de fotos sensuais XXXmas. E, como sempre, haver\u00e1 muitos pr\u00eamios para tornar tudo ainda mais empolgante. Continue lendo para descobrir como participar!<\/p>\r\n\r\n\r\n\r\n<figure class=\"wp-block-image aligncenter size-full\"><img class=\"wp-image-68843\" src=\"https:\/\/performers.cam4.com\/wp-content\/uploads\/PT_XXXMas_Broadcasters_700x394.jpg\" alt=\"\" \/><\/figure>\r\n\r\n\r\n\r\n<p class=\"has-text-align-center\" style=\"text-align: center;\">\u00a0<\/p>\r\n\r\n\r\n\r\n<h2 class=\"wp-block-heading has-text-align-center\" style=\"text-align: center;\"><strong>De 18 a 28 de dezembro de 2025 fa\u00e7a pelo menos um show natalino sensual e publique pelo menos uma foto ou v\u00eddeo com o tema XXXmas em seu perfil do CAM4 para concorrer a pr\u00eamios de at\u00e9 US$ 100!<\/strong><\/h2>\r\n<figure><img loading=\"lazy\" class=\"aligncenter\" src=\"http:\/\/performers.cam4.com\/wp-content\/uploads\/gingerbread-woman.png\" width=\"70\" height=\"70\" \/><\/figure>\r\n<h2 class=\"wp-block-heading has-text-align-center\" style=\"text-align: center;\"><strong>35 PR\u00caMIOS CAM4 para os Tweets mais sensuais e originais:<\/strong><\/h2>\r\n\r\n\r\n\r\n<h4 class=\"wp-block-heading has-text-align-center\" style=\"text-align: center;\"><strong>1000 Fichas<\/strong> \u2744 pr\u00eamio <strong>Miss CAM4XXXMas <\/strong> <strong>1000 Fichas<\/strong> \u2744 <strong>pr\u00eamio Mister CAM4XXXMas <\/strong><\/h4>\r\n<p style=\"text-align: center;\"><strong>500 Fichas <\/strong>\u2744 <strong>do 3\u00aa ao 5\u00aa lugar<\/strong> <strong>250 Fichas<\/strong>\u2744 <strong>do 6\u00aa ao 10\u00aa <\/strong>lugar <strong>100 Fichas <\/strong>\u2744 <strong>do 11\u00aa ao 35\u00aa lugar<\/strong><\/p>\r\n\r\n\r\n\r\n<figure><img class=\"aligncenter\" src=\"http:\/\/performers.cam4.com\/wp-content\/uploads\/north-pole-dancer.png\" \/><\/figure>\r\n\r\n\r\n\r\n<h2 class=\"wp-block-heading\" style=\"text-align: center;\">\u2744 <strong>Como participar:<\/strong><\/h2>\r\n\r\n\r\n\r\n<p style=\"text-align: center;\">\u2744 Agende um show no <a href=\"https:\/\/pt.cam4.com\/training\/iniciando-cam4\/como-agendar-seus-shows\"><strong>calendario de transmiss\u00e3o CAM4<\/strong> <\/a>a ser realizado entre <strong>*18 e 28 de Dezembro de 2025* <\/strong>e insira na descri\u00e7\u00e3o a tag <strong>#XXXMAS25 <\/strong> \u2744 Antes da sua transmiss\u00e3o, publique um post gratuita contendo uma foto ou v\u00eddeo seu no feed de atividades do seu perfil do CAM4 <strong>SOFT\u00a0<\/strong><em>(sem mostrar os genitais)<\/em> com sua roupa sexy do tema festivo e insira na descri\u00e7\u00e3o do post: <strong>#XXXMAS25 <\/strong><\/p>\r\n\r\n\r\n\r\n<p style=\"text-align: center;\">\u2744 Fa\u00e7a pelo menos um show XXXmas sensual at\u00e9 28 de dezembro. Ao iniciar a transmiss\u00e3o, insira a tag.: <strong>#XXXMas25<\/strong><\/p>\r\n\r\n\r\n\r\n<p style=\"text-align: center;\"><span class=\"HwtZe\" lang=\"pt\"><span class=\"jCAhz ChMk0b\"><span class=\"ryNqvb\">Ao final do concurso, os gestores do CAM4 de cada pa\u00eds participante avaliar\u00e3o os melhores shows e conte\u00fados com base na qualidade e criatividade dos figurinos e no empenho geral na produ\u00e7\u00e3o do show.<\/span><\/span><\/span><\/p>\r\n\r\n\r\n\r\n<p style=\"text-align: center;\"><em><strong>Observa\u00e7\u00e3o: Somente os artistas que ganharem pelo menos US$ 25 (250 Tokens) entre 20 de dezembro e 1\u00ba de janeiro estar\u00e3o eleg\u00edveis para ganhar os pr\u00eamios de 1000 e 500 Tokens.<\/strong><\/em><\/p>\r\n\r\n\r\n\r\n<p style=\"text-align: center;\"><em><span class=\"fabric-text-color-mark\" data-renderer-mark=\"true\" data-text-custom-color=\"#4c9aff\">Os performers que ganharem menos de 250 fichas ainda poder\u00e3o concorrer aos pr\u00eamios de 250 e 100 fichas.<\/span><\/em><\/p>\r\n\r\n\r\n\r\n<figure class=\"wp-block-image aligncenter\"><img class=\"wp-image-62947\" src=\"http:\/\/performers.cam4.com\/wp-content\/uploads\/Screenshot-2024-12-16-at-15-34-33-CAM4-XXXMas-\u2744-Festeggiamo-con-show-sexy-fino-al-1-Gennaio-Cam4-Blog-Italiano-La-migliore-video-chat-amatoriale-web-cam-gratis.png\" alt=\"\" \/><\/figure>\r\n\r\n\r\n\r\n<p style=\"text-align: center;\">\u00a0<\/p>\r\n\r\n\r\n\r\n<h2 class=\"wp-block-heading\" style=\"text-align: center;\">Como publicar um post no Feed:<\/h2>\r\n\r\n\r\n\r\n<p style=\"text-align: center;\">Clique no <strong>Seu perfil<\/strong>, no menu no canto superior direito, depois clique em <strong>Novo Post \u2295<\/strong>. Clique na parte superior para carregar a sua foto ou v\u00eddeo. Escreva a sua mensagem contendo <strong>#XXXMas25<\/strong>.<\/p>\r\n\r\n\r\n\r\n<p style=\"text-align: center;\"><em>Lembre-se de N\u00c3O definir nenhum pre\u00e7o; dessa forma, o seu post ser\u00e1 p\u00fablico.<\/em><\/p>\r\n\r\n\r\n\r\n<p style=\"text-align: center;\">Depois, clique em <strong>Publicar Post<\/strong>.<\/p>\r\n\r\n\r\n\r\n<figure class=\"wp-block-image aligncenter\"><img class=\"wp-image-62946\" src=\"http:\/\/performers.cam4.com\/wp-content\/uploads\/xxxmas-2023.png\" alt=\"\" \/><\/figure>\r\n\r\n\r\n\r\n<p style=\"text-align: center;\">\u00a0<\/p>\r\n\r\n\r\n\r\n<h2 class=\"wp-block-heading\" style=\"text-align: center;\">Ideias para um show sensual com estilo!<\/h2>\r\n\r\n\r\n\r\n<ul class=\"wp-block-list\" style=\"text-align: center;\">\r\n<li>Decore sua \u00e1rvore de Natal ao vivo ou personalize-a com os nomes dos seus f\u00e3s: Ex.: Vou pendurar um enfeite na minha \u00e1rvore com o seu nome de usu\u00e1rio por 50 fichas.<\/li>\r\n\r\n\r\n\r\n<li>Enrole algumas luzes ou guirlandas em volta do seu corpo&#8230;<\/li>\r\n\r\n\r\n\r\n<li>Cole um raminho de visco na sua roupa \u00edntima&#8230; ou onde voc\u00ea quiser um beijo \ud83d\ude09<\/li>\r\n\r\n\r\n\r\n<li>Jogos festivos para seus espectadores: Crie sorteios ou use os jogos de gorjetas do CAM4 para interagir com sua sala.<\/li>\r\n\r\n\r\n\r\n<li>Decore seus brinquedos sexuais, use lingerie sexy. De que cor? Vermelho! <em><a href=\"https:\/\/pt.cam4.com\/blog\/as-fotos-mais-quentes-de-natal-do-cam4-%f0%9f%8e%81%f0%9f%a5%82-cam4-xxxmas\/\"><strong><mark class=\"has-inline-color has-vivid-red-color\">*Clique aqui para ver a galeria dos vencedores do ano passado. CAM4xxxMas!<\/mark><\/strong><\/a><\/em><\/li>\r\n<\/ul>\r\n\r\n\r\n\r\n<h4 class=\"wp-block-heading\" style=\"text-align: center;\"><strong>*REGRAS*<\/strong><\/h4>\r\n\r\n\r\n\r\n<ul class=\"wp-block-list\" style=\"text-align: center;\">\r\n<li>Somente performers com <strong>conta verificada<\/strong> poder\u00e3o participar.<\/li>\r\n\r\n\r\n\r\n<li>O show dever\u00e1 ser <strong>agendado no seu calend\u00e1rio CAM4<\/strong> com o hashtag <strong>XXXMas25<\/strong> na descri\u00e7\u00e3o, entre <strong>18 de dezembro e 28 de dezembro<\/strong>.<\/li>\r\n\r\n\r\n\r\n<li>O show deve ter um tema sensual de Natal. Durante a transmiss\u00e3o ao vivo, voc\u00ea deve usar as seguintes hashtags como seu status, descri\u00e7\u00e3o do show e post no feed de atividades: <strong>XXXMas25 <\/strong><\/li>\r\n\r\n\r\n\r\n<li>As fotos e os v\u00eddeos publicados no X dever\u00e3o ser <strong>conte\u00fados novos<\/strong> e refletir os <strong>figurinos e o show XXXMas<\/strong> realizados ao vivo no CAM4. Fotos e v\u00eddeos publicados em edi\u00e7\u00f5es anteriores <strong>n\u00e3o ser\u00e3o considerados<\/strong>.<\/li>\r\n\r\n\r\n\r\n<li>Somente <strong>fotos e v\u00eddeos SFW<\/strong> poder\u00e3o ganhar (n\u00e3o mostrar genitais nem cenas expl\u00edcitas de sexo).<\/li>\r\n\r\n\r\n\r\n<li>O perfil do <strong>X (Twitter) deve estar conectado ao seu perfil CAM4<\/strong>:<\/li>\r\n\r\n\r\n\r\n<li>conecte-o pela se\u00e7\u00e3o <strong>Redes Sociais<\/strong> nas op\u00e7\u00f5es da sua conta (se o seu perfil n\u00e3o estiver conectado, n\u00e3o poderemos verificar a sua participa\u00e7\u00e3o).<\/li>\r\n\r\n\r\n\r\n<li>O seu perfil no X dever\u00e1 ser <strong>p\u00fablico<\/strong> (n\u00e3o privado) para participar.<\/li>\r\n<\/ul>\r\n\r\n\r\n\r\n<p style=\"text-align: center;\"><em><span class=\"fabric-text-color-mark\" data-renderer-mark=\"true\" data-text-custom-color=\"#4c9aff\">Observa\u00e7\u00e3o: Somente os performers que ganharem pelo menos US$ 25 (250 Tokens) entre 20 de dezembro e 1\u00ba de janeiro estar\u00e3o eleg\u00edveis para ganhar os pr\u00eamios de 1000 e 500 Fichas. <\/span><\/em><\/p>\r\n\r\n\r\n\r\n<figure class=\"wp-block-image aligncenter\"><img class=\"wp-image-58523\" src=\"http:\/\/performers.cam4.com\/wp-content\/uploads\/banner-2-1.jpg\" alt=\"\" \/><\/figure>\r\n","protected":false},"excerpt":{"rendered":"<p class=\"has-text-align-center\" style=\"text-align: center;\">Este ano tamb\u00e9m n\u00e3o poderia ser menos emocionante do que com o nosso tradicional concurso de fotos sensuais XXXmas. E,<\/p>\n","protected":false},"author":3,"featured_media":0,"parent":0,"menu_order":0,"comment_status":"closed","ping_status":"closed","template":"","meta":[],"yoast_head":"<!-- This site is optimized with the Yoast SEO plugin v15.3 - https:\/\/yoast.com\/wordpress\/plugins\/seo\/ -->\n<meta name=\"robots\" content=\"index, follow, max-snippet:-1, max-image-preview:large, max-video-preview:-1\" \/>\n<link rel=\"canonical\" href=\"https:\/\/pt.cam4.com\/blog\/performer-xxxmas\/\" \/>\n<meta property=\"og:locale\" content=\"en_US\" \/>\n<meta property=\"og:type\" content=\"article\" \/>\n<meta property=\"og:title\" content=\"\u2728 Ganhe $100 ou um dos 35 pr\u00eamios com um Show festivo XXXMas25 \u2744! - Cam4 Brasil e Portugal\" \/>\n<meta property=\"og:description\" content=\"Este ano tamb\u00e9m n\u00e3o poderia ser menos emocionante do que com o nosso tradicional concurso de fotos sensuais XXXmas. E,\" \/>\n<meta property=\"og:url\" content=\"https:\/\/pt.cam4.com\/blog\/performer-xxxmas\/\" \/>\n<meta property=\"og:site_name\" content=\"Cam4 Brasil e Portugal\" \/>\n<meta property=\"article:modified_time\" content=\"2025-12-18T13:13:02+00:00\" \/>\n<meta property=\"og:image\" content=\"https:\/\/performers.cam4.com\/wp-content\/uploads\/PT_XXXMas_Broadcasters_700x394.jpg\" \/>\n<meta name=\"twitter:label1\" content=\"Written by\">\n\t<meta name=\"twitter:data1\" content=\"Andreia\">\n\t<meta name=\"twitter:label2\" content=\"Est. reading time\">\n\t<meta name=\"twitter:data2\" content=\"3 minutes\">\n<script type=\"application\/ld+json\" class=\"yoast-schema-graph\">{\"@context\":\"https:\/\/schema.org\",\"@graph\":[{\"@type\":\"WebSite\",\"@id\":\"https:\/\/pt.cam4.com\/blog\/#website\",\"url\":\"https:\/\/pt.cam4.com\/blog\/\",\"name\":\"Cam4 Brasil e Portugal\",\"description\":\"Entrevistas com performers do Cam4 e novidades sobre o site\",\"potentialAction\":[{\"@type\":\"SearchAction\",\"target\":\"https:\/\/pt.cam4.com\/blog\/?s={search_term_string}\",\"query-input\":\"required name=search_term_string\"}],\"inLanguage\":\"en-US\"},{\"@type\":\"ImageObject\",\"@id\":\"https:\/\/pt.cam4.com\/blog\/performer-xxxmas\/#primaryimage\",\"inLanguage\":\"en-US\",\"url\":\"https:\/\/performers.cam4.com\/wp-content\/uploads\/PT_XXXMas_Broadcasters_700x394.jpg\"},{\"@type\":\"WebPage\",\"@id\":\"https:\/\/pt.cam4.com\/blog\/performer-xxxmas\/#webpage\",\"url\":\"https:\/\/pt.cam4.com\/blog\/performer-xxxmas\/\",\"name\":\"\\u2728 Ganhe $100 ou um dos 35 pr\\u00eamios com um Show festivo XXXMas25 \\u2744! - Cam4 Brasil e Portugal\",\"isPartOf\":{\"@id\":\"https:\/\/pt.cam4.com\/blog\/#website\"},\"primaryImageOfPage\":{\"@id\":\"https:\/\/pt.cam4.com\/blog\/performer-xxxmas\/#primaryimage\"},\"datePublished\":\"2025-12-18T12:55:16+00:00\",\"dateModified\":\"2025-12-18T13:13:02+00:00\",\"inLanguage\":\"en-US\",\"potentialAction\":[{\"@type\":\"ReadAction\",\"target\":[\"https:\/\/pt.cam4.com\/blog\/performer-xxxmas\/\"]}]}]}<\/script>\n<!-- \/ Yoast SEO plugin. -->","_links":{"self":[{"href":"https:\/\/pt.cam4.com\/blog\/wp-json\/wp\/v2\/pages\/19549"}],"collection":[{"href":"https:\/\/pt.cam4.com\/blog\/wp-json\/wp\/v2\/pages"}],"about":[{"href":"https:\/\/pt.cam4.com\/blog\/wp-json\/wp\/v2\/types\/page"}],"author":[{"embeddable":true,"href":"https:\/\/pt.cam4.com\/blog\/wp-json\/wp\/v2\/users\/3"}],"replies":[{"embeddable":true,"href":"https:\/\/pt.cam4.com\/blog\/wp-json\/wp\/v2\/comments?post=19549"}],"version-history":[{"count":2,"href":"https:\/\/pt.cam4.com\/blog\/wp-json\/wp\/v2\/pages\/19549\/revisions"}],"predecessor-version":[{"id":19551,"href":"https:\/\/pt.cam4.com\/blog\/wp-json\/wp\/v2\/pages\/19549\/revisions\/19551"}],"wp:attachment":[{"href":"https:\/\/pt.cam4.com\/blog\/wp-json\/wp\/v2\/media?parent=19549"}],"curies":[{"name":"wp","href":"https:\/\/api.w.org\/{rel}","templated":true}]}}