{"id":2332,"date":"2012-10-24T14:13:58","date_gmt":"2012-10-24T16:13:58","guid":{"rendered":"https:\/\/pt.blogs.cam4.com\/?page_id=2332"},"modified":"2012-10-24T20:00:32","modified_gmt":"2012-10-24T22:00:32","slug":"eu-assisti-no-cam4","status":"publish","type":"page","link":"https:\/\/pt.cam4.com\/blog\/eu-assisti-no-cam4\/","title":{"rendered":"Eu assisti no Cam4"},"content":{"rendered":"<h3>Voc\u00ea j\u00e1 assistiu alguma coisa inacredit\u00e1vel no Cam4?<\/h3>\n<h3>Voc\u00ea quer nos contar sobre um Super Show que assistiu e te deixou morrendo de tes\u00e3o?<\/h3>\n<h3>Ou talvez apenas nos contar o que mais te impressionou ?<\/h3>\n<p><strong>Conte-nos algo incr\u00edvel que voc\u00ea acabou de ver no Cam4.<\/strong> Toda Semana, n\u00f3s vamos escolher os melhores dos que voc\u00eas nos enviaram e postaremos no nosso blog. Fa\u00e7a o seu performer favorito ficar famoso dizendo para a gente o que ele fez que te deixou&#8230;. Ah voc\u00ea sabe o que!<\/p>\n<p><em>Envie seu nome, seu email, o nome do usu\u00e1rio do Cam4 que voc\u00ea assistiu e o que voc\u00ea viu ele fazer no cam4, no formul\u00e1rio abaixo para come\u00e7ar!<\/em><\/p>\n<p><em>Isso n\u00e3o \u00e9 para ser usado como um canal de suporte. <a href=\"https:\/\/cam4support.com\/index.php?\/Knowledgebase\/List\" target=\"_blank\">Clique aqui se estiver procurando o suporte do Cam4 <\/a> e envie as suas perguntas relacionadas ao site.<\/em><\/p>\n<p>&nbsp;<\/p>\n<hr \/>\n<p>[contact-form-7 id=&#8221;2331&#8243; title=&#8221;Cam4&#8243;]<\/p>\n","protected":false},"excerpt":{"rendered":"<p>Voc\u00ea j\u00e1 assistiu alguma coisa inacredit\u00e1vel no Cam4? Voc\u00ea quer nos contar sobre um Super Show que assistiu e te deixou morrendo de<\/p>\n","protected":false},"author":13,"featured_media":0,"parent":0,"menu_order":0,"comment_status":"open","ping_status":"open","template":"","meta":[],"yoast_head":"<!-- This site is optimized with the Yoast SEO plugin v15.3 - https:\/\/yoast.com\/wordpress\/plugins\/seo\/ -->\n<meta name=\"robots\" content=\"index, follow, max-snippet:-1, max-image-preview:large, max-video-preview:-1\" \/>\n<link rel=\"canonical\" href=\"https:\/\/pt.cam4.com\/blog\/eu-assisti-no-cam4\/\" \/>\n<meta property=\"og:locale\" content=\"en_US\" \/>\n<meta property=\"og:type\" content=\"article\" \/>\n<meta property=\"og:title\" content=\"Eu assisti no Cam4 - Cam4 Brasil e Portugal\" \/>\n<meta property=\"og:description\" content=\"Voc\u00ea j\u00e1 assistiu alguma coisa inacredit\u00e1vel no Cam4? Voc\u00ea quer nos contar sobre um Super Show que assistiu e te deixou morrendo de\" \/>\n<meta property=\"og:url\" content=\"https:\/\/pt.cam4.com\/blog\/eu-assisti-no-cam4\/\" \/>\n<meta property=\"og:site_name\" content=\"Cam4 Brasil e Portugal\" \/>\n<meta property=\"article:modified_time\" content=\"2012-10-24T22:00:32+00:00\" \/>\n<meta name=\"twitter:label1\" content=\"Written by\">\n\t<meta name=\"twitter:data1\" content=\"\">\n\t<meta name=\"twitter:label2\" content=\"Est. reading time\">\n\t<meta name=\"twitter:data2\" content=\"1 minute\">\n<script type=\"application\/ld+json\" class=\"yoast-schema-graph\">{\"@context\":\"https:\/\/schema.org\",\"@graph\":[{\"@type\":\"WebSite\",\"@id\":\"https:\/\/pt.cam4.com\/blog\/#website\",\"url\":\"https:\/\/pt.cam4.com\/blog\/\",\"name\":\"Cam4 Brasil e Portugal\",\"description\":\"Entrevistas com performers do Cam4 e novidades sobre o site\",\"potentialAction\":[{\"@type\":\"SearchAction\",\"target\":\"https:\/\/pt.cam4.com\/blog\/?s={search_term_string}\",\"query-input\":\"required name=search_term_string\"}],\"inLanguage\":\"en-US\"},{\"@type\":\"WebPage\",\"@id\":\"https:\/\/pt.cam4.com\/blog\/eu-assisti-no-cam4\/#webpage\",\"url\":\"https:\/\/pt.cam4.com\/blog\/eu-assisti-no-cam4\/\",\"name\":\"Eu assisti no Cam4 - Cam4 Brasil e Portugal\",\"isPartOf\":{\"@id\":\"https:\/\/pt.cam4.com\/blog\/#website\"},\"datePublished\":\"2012-10-24T16:13:58+00:00\",\"dateModified\":\"2012-10-24T22:00:32+00:00\",\"inLanguage\":\"en-US\",\"potentialAction\":[{\"@type\":\"ReadAction\",\"target\":[\"https:\/\/pt.cam4.com\/blog\/eu-assisti-no-cam4\/\"]}]}]}<\/script>\n<!-- \/ Yoast SEO plugin. -->","_links":{"self":[{"href":"https:\/\/pt.cam4.com\/blog\/wp-json\/wp\/v2\/pages\/2332"}],"collection":[{"href":"https:\/\/pt.cam4.com\/blog\/wp-json\/wp\/v2\/pages"}],"about":[{"href":"https:\/\/pt.cam4.com\/blog\/wp-json\/wp\/v2\/types\/page"}],"author":[{"embeddable":true,"href":"https:\/\/pt.cam4.com\/blog\/wp-json\/wp\/v2\/users\/13"}],"replies":[{"embeddable":true,"href":"https:\/\/pt.cam4.com\/blog\/wp-json\/wp\/v2\/comments?post=2332"}],"version-history":[{"count":0,"href":"https:\/\/pt.cam4.com\/blog\/wp-json\/wp\/v2\/pages\/2332\/revisions"}],"wp:attachment":[{"href":"https:\/\/pt.cam4.com\/blog\/wp-json\/wp\/v2\/media?parent=2332"}],"curies":[{"name":"wp","href":"https:\/\/api.w.org\/{rel}","templated":true}]}}