{"id":2572,"date":"2012-11-16T18:57:15","date_gmt":"2012-11-16T20:57:15","guid":{"rendered":"https:\/\/pt.blogs.cam4.com\/?page_id=2572"},"modified":"2012-11-18T18:08:46","modified_gmt":"2012-11-18T20:08:46","slug":"apresentando-presentes-cam4-gifts","status":"publish","type":"page","link":"https:\/\/pt.cam4.com\/blog\/apresentando-presentes-cam4-gifts\/","title":{"rendered":"Apresentando Presentes Cam4 Gifts"},"content":{"rendered":"<link href=\"https:\/\/www.cam4.com\/blog\/wp-content\/themes\/outline\/giftstyles.css\" rel=\"stylesheet\" type=\"text\/css\" \/>\n<link href=\"https:\/\/www.cam4.com\/blog\/wp-content\/themes\/outline\/tip-nonstandard.css\" rel=\"stylesheet\" type=\"text\/css\" \/>\n<div class=\"topWrap\">\n<div class=\"contentWrap\">\n<div class=\"youtubeVideo\"><div id=\"kgvid_kgvid_0_wrapper\" class=\"kgvid_wrapper kgvid_wrapper_inline kgvid_wrapper_inline_left\">\n\t\t\t<div id=\"video_kgvid_0_div\" class=\"fitvidsignore kgvid_videodiv\" data-id=\"kgvid_0\" data-kgvid_video_vars=\"{&quot;id&quot;:&quot;kgvid_0&quot;,&quot;attachment_id&quot;:2582,&quot;player_type&quot;:&quot;Video.js v7&quot;,&quot;width&quot;:&quot;530&quot;,&quot;height&quot;:&quot;298&quot;,&quot;fullwidth&quot;:&quot;false&quot;,&quot;fixed_aspect&quot;:&quot;false&quot;,&quot;countable&quot;:true,&quot;count_views&quot;:&quot;quarters&quot;,&quot;start&quot;:&quot;&quot;,&quot;autoplay&quot;:&quot;false&quot;,&quot;pauseothervideos&quot;:&quot;false&quot;,&quot;set_volume&quot;:1,&quot;muted&quot;:&quot;false&quot;,&quot;meta&quot;:false,&quot;endofvideooverlay&quot;:&quot;&quot;,&quot;resize&quot;:&quot;true&quot;,&quot;auto_res&quot;:&quot;automatic&quot;,&quot;pixel_ratio&quot;:&quot;true&quot;,&quot;right_click&quot;:&quot;on&quot;,&quot;playback_rate&quot;:&quot;false&quot;,&quot;title&quot;:&quot;c4gifting_portuguese&quot;,&quot;skip_buttons&quot;:[],&quot;nativecontrolsfortouch&quot;:&quot;true&quot;,&quot;locale&quot;:&quot;en&quot;,&quot;enable_resolutions_plugin&quot;:false}\" itemprop=\"video\" itemscope itemtype=\"https:\/\/schema.org\/VideoObject\"><meta itemprop=\"embedUrl\" content=\"https:\/\/pt.cam4.com\/blog\/?attachment_id=2582&#038;videopack%5Benable%5D=true\"><meta itemprop=\"contentUrl\" content=\"https:\/\/pt.cam4.com\/blog\/wp-content\/blogs.dir\/10\/files\/2012\/11\/c4gifting_portuguese.m4v\"><meta itemprop=\"name\" content=\"c4gifting_portuguese\"><meta itemprop=\"description\" content=\"Video\"><meta itemprop=\"uploadDate\" content=\"2012-11-16T19:16:26-02:00\">\n\t\t\t\t<video id=\"video_kgvid_0\" playsinline controls preload=\"metadata\" width=\"530\" height=\"298\" class=\"fitvidsignore video-js kg-video-js-skin\">\n\t\t\t\t\t<source src=\"https:\/\/pt.cam4.com\/blog\/wp-content\/blogs.dir\/10\/files\/2012\/11\/c4gifting_portuguese.m4v?id=0\" type=\"video\/mp4\" data-res=\"Full\">\n\t\t\t\t<\/video>\n\t\t\t<\/div>\n\t\t<\/div><\/div>\n<div class=\"logoetc\">\n<div class=\"intro\">Apresentando<\/div>\n<div class=\"download button36px\"><a class=\"grd-orange2 button36px\" href=\"https:\/\/pt.cam4.com\/blog\/presentes-cam4\/\">SAIBA MAIS<\/a><\/div>\n<\/div>\n<div class=\"clear\" style=\"height: 10px;\"><\/div>\n<\/div>\n<\/div>\n<div class=\"contentWrap\">\n<h1>Destaque-se enviando presentes virtuais para os seus membros favoritos!<\/h1>\n<div class=\"instructions\">\n<div class=\"howTo\">\n<dl>\n<dt class=\"pic\"><\/dt>\n<dd><strong>Mostre a eles que voc\u00ea os conhece!<\/strong><br \/>\nCom mais de 50 presentes em 7 categorias no <b>Mercado de Presentes<\/b>,voc\u00ea pode ter certeza que encontrar\u00e1 um presente que se adapte ao seu membro favorito perfeitamente.<\/dd>\n<\/dl>\n<dl>\n<dt class=\"pic2\"><\/dt>\n<dd><strong>Coloque a sua dedica\u00e7\u00e3o em exibi\u00e7\u00e3o!<\/strong><br \/>\nOs presentes ser\u00e3o exibidos na vitrine da<br \/>\np\u00e1gina de perfil do ganhador, juntamente com seu nome.<br \/>\nTodo mundo vai saber de quem voc\u00ea gosta.<\/dd>\n<\/dl>\n<dl>\n<dt class=\"pic3\"><\/dt>\n<dd><strong>N\u00e3o \u00e9 somente um s\u00edmbolo da sua adora\u00e7\u00e3o!<\/strong><br \/>\nCada presente tem um valor simb\u00f3lico em anexo, fazendo presentear uma alternativa mais personalizada para dar gorjetas aos seus membros favoritos atrav\u00e9s das fichas.<\/dd>\n<\/dl>\n<\/div>\n<div class=\"clear\"><\/div>\n<\/div>\n<div class=\"gift_shortcut button20px\">\n<p><img loading=\"lazy\" src=\"https:\/\/pt.cam4.com\/blog\/wp-content\/themes\/PT\/images\/giftbox.png\" alt=\"\" width=\"130\" height=\"100\" \/><\/p>\n<h2 style=\"font-size: 35px;\"><span style=\"font-family: Arial Black, Helvetica, sans-serif;\">CAM<span style=\"color: #fc531d;\">4<\/span>.<\/span> DESEMBRULHADO.<\/h2>\n<div class=\"download2 button36px\"><a class=\"grd-orange2 button36px\" href=\"https:\/\/pt.cam4.com\/blog\/presentes-cam4\/\">SAIBA MAIS<\/a><\/div>\n<\/div>\n<\/div>\n","protected":false},"excerpt":{"rendered":"<p>Apresentando <a class=\"grd-orange2 button36px\" href=\"https:\/\/pt.cam4.com\/blog\/presentes-cam4\/\">SAIBA MAIS<\/a> Destaque-se enviando presentes virtuais para os seus membros favoritos! <strong>Mostre a eles que voc\u00ea os conhece!<\/strong> Com<\/p>\n","protected":false},"author":1,"featured_media":0,"parent":0,"menu_order":0,"comment_status":"open","ping_status":"open","template":"page-new.php","meta":[],"yoast_head":"<!-- This site is optimized with the Yoast SEO plugin v15.3 - https:\/\/yoast.com\/wordpress\/plugins\/seo\/ -->\n<meta name=\"robots\" content=\"index, follow, max-snippet:-1, max-image-preview:large, max-video-preview:-1\" \/>\n<link rel=\"canonical\" href=\"https:\/\/pt.cam4.com\/blog\/apresentando-presentes-cam4-gifts\/\" \/>\n<meta property=\"og:locale\" content=\"en_US\" \/>\n<meta property=\"og:type\" content=\"article\" \/>\n<meta property=\"og:title\" content=\"Apresentando Presentes Cam4 Gifts - Cam4 Brasil e Portugal\" \/>\n<meta property=\"og:description\" content=\"Apresentando SAIBA MAIS Destaque-se enviando presentes virtuais para os seus membros favoritos! Mostre a eles que voc\u00ea os conhece! Com\" \/>\n<meta property=\"og:url\" content=\"https:\/\/pt.cam4.com\/blog\/apresentando-presentes-cam4-gifts\/\" \/>\n<meta property=\"og:site_name\" content=\"Cam4 Brasil e Portugal\" \/>\n<meta property=\"article:modified_time\" content=\"2012-11-18T20:08:46+00:00\" \/>\n<meta property=\"og:image\" content=\"https:\/\/pt.cam4.com\/blog\/wp-content\/themes\/PT\/images\/giftbox.png\" \/>\n<meta name=\"twitter:label1\" content=\"Written by\">\n\t<meta name=\"twitter:data1\" content=\"Admin\">\n\t<meta name=\"twitter:label2\" content=\"Est. reading time\">\n\t<meta name=\"twitter:data2\" content=\"1 minute\">\n<script type=\"application\/ld+json\" class=\"yoast-schema-graph\">{\"@context\":\"https:\/\/schema.org\",\"@graph\":[{\"@type\":\"WebSite\",\"@id\":\"https:\/\/pt.cam4.com\/blog\/#website\",\"url\":\"https:\/\/pt.cam4.com\/blog\/\",\"name\":\"Cam4 Brasil e Portugal\",\"description\":\"Entrevistas com performers do Cam4 e novidades sobre o site\",\"potentialAction\":[{\"@type\":\"SearchAction\",\"target\":\"https:\/\/pt.cam4.com\/blog\/?s={search_term_string}\",\"query-input\":\"required name=search_term_string\"}],\"inLanguage\":\"en-US\"},{\"@type\":\"ImageObject\",\"@id\":\"https:\/\/pt.cam4.com\/blog\/apresentando-presentes-cam4-gifts\/#primaryimage\",\"inLanguage\":\"en-US\",\"url\":\"https:\/\/pt.cam4.com\/blog\/wp-content\/themes\/PT\/images\/giftbox.png\"},{\"@type\":\"WebPage\",\"@id\":\"https:\/\/pt.cam4.com\/blog\/apresentando-presentes-cam4-gifts\/#webpage\",\"url\":\"https:\/\/pt.cam4.com\/blog\/apresentando-presentes-cam4-gifts\/\",\"name\":\"Apresentando Presentes Cam4 Gifts - Cam4 Brasil e Portugal\",\"isPartOf\":{\"@id\":\"https:\/\/pt.cam4.com\/blog\/#website\"},\"primaryImageOfPage\":{\"@id\":\"https:\/\/pt.cam4.com\/blog\/apresentando-presentes-cam4-gifts\/#primaryimage\"},\"datePublished\":\"2012-11-16T20:57:15+00:00\",\"dateModified\":\"2012-11-18T20:08:46+00:00\",\"inLanguage\":\"en-US\",\"potentialAction\":[{\"@type\":\"ReadAction\",\"target\":[\"https:\/\/pt.cam4.com\/blog\/apresentando-presentes-cam4-gifts\/\"]}]}]}<\/script>\n<!-- \/ Yoast SEO plugin. -->","_links":{"self":[{"href":"https:\/\/pt.cam4.com\/blog\/wp-json\/wp\/v2\/pages\/2572"}],"collection":[{"href":"https:\/\/pt.cam4.com\/blog\/wp-json\/wp\/v2\/pages"}],"about":[{"href":"https:\/\/pt.cam4.com\/blog\/wp-json\/wp\/v2\/types\/page"}],"author":[{"embeddable":true,"href":"https:\/\/pt.cam4.com\/blog\/wp-json\/wp\/v2\/users\/1"}],"replies":[{"embeddable":true,"href":"https:\/\/pt.cam4.com\/blog\/wp-json\/wp\/v2\/comments?post=2572"}],"version-history":[{"count":0,"href":"https:\/\/pt.cam4.com\/blog\/wp-json\/wp\/v2\/pages\/2572\/revisions"}],"wp:attachment":[{"href":"https:\/\/pt.cam4.com\/blog\/wp-json\/wp\/v2\/media?parent=2572"}],"curies":[{"name":"wp","href":"https:\/\/api.w.org\/{rel}","templated":true}]}}