{"id":5970,"date":"2014-02-13T20:26:57","date_gmt":"2014-02-13T22:26:57","guid":{"rendered":"https:\/\/pt.blogs.cam4.com\/?page_id=5970"},"modified":"2014-03-02T20:27:15","modified_gmt":"2014-03-02T23:27:15","slug":"carnaval","status":"publish","type":"page","link":"https:\/\/pt.cam4.com\/blog\/carnaval\/","title":{"rendered":"Carnaval no CAM4"},"content":{"rendered":"<p><a href=\"https:\/\/pt.cam4.com\/blog\/files\/2014\/02\/cam4-Carnaval-blog.jpg\"><img loading=\"lazy\" class=\"alignnone size-full wp-image-5972\" alt=\"cam4-Carnaval-blog\" src=\"https:\/\/pt.cam4.com\/blog\/files\/2014\/02\/cam4-Carnaval-blog.jpg\" width=\"635\" height=\"315\" srcset=\"https:\/\/pt.cam4.com\/blog\/wp-content\/blogs.dir\/10\/files\/2014\/02\/cam4-Carnaval-blog.jpg 635w, https:\/\/pt.cam4.com\/blog\/wp-content\/blogs.dir\/10\/files\/2014\/02\/cam4-Carnaval-blog-300x148.jpg 300w\" sizes=\"(max-width: 635px) 100vw, 635px\" \/><\/a><\/p>\n<p>O Cam4 j\u00e1 est\u00e1 entrando em Clima de Carnaval de 19 de fevereiro a 4 de Mar\u00e7o vamos mostrar para o mundo todo como \u00e9 gostosa essa festa! Agende seu Show de Carnaval no Cam4 com a hashtag #carnaval2014 e concorra a um vale compras de R$500 da melhor Sex Shop do Brasil a,\u00a0 <a title=\"Loja do Prazer\" href=\"https:\/\/www.lojadoprazer.com.br\" target=\"_blank\">Loja do Prazer<\/a>!<\/p>\n<p>Voc\u00ea pode fazer seu show com fantasias, sambando, dan\u00e7ando funk ou o que mais a sua criatividade mandar, estamos ansiosos para te assistir!<\/p>\n<p><a class=\"xl\" href=\"https:\/\/pt.cam4.com\/blog\/como-agendar-um-show-no-cam4\/\" target=\"_blank\">Precisa de ajuda para agendar um show no cam4?<\/a><\/p>\n<p>Que tal ja \u00edr preparando a sua lista de compras na Sex Shop para quando ganhar seus R$ 500,00? Visite a<br \/>\n<a class=\"xl\" href=\"https:\/\/www.lojadoprazer.com.br\" target=\"_blank\">Loja do Prazer<\/a><\/p>\n<h2>E agora aproveite a festa!<\/h2>\n<table class=\"showTimes\" width=\"100%\" cellpadding=\"4\">\n<thead>\n<tr>\n<td>\n<h3>Usu\u00e1rio<\/h3>\n<\/td>\n<td>\n<h3>Dia\/Hor\u00e1rio<\/h3>\n<\/td>\n<td>\n<h3>Descri\u00e7\u00e3o<\/h3>\n<\/td>\n<\/tr>\n<\/thead>\n<tbody>\n<tr>\n<td><a title=\"fabuloso13\" href=\"https:\/\/www.cam4.com.br\/fabuloso13\" target=\"_blank\">fabuloso13<\/a><\/td>\n<td>Dia 19 -23:30 BRA -9:30PM EST<\/td>\n<td>Soldado Gostoso na Cam -Soldier Hot Brazilian<\/td>\n<\/tr>\n<tr>\n<td><a title=\"fabuloso13\" href=\"https:\/\/www.cam4.com.br\/fabuloso13\" target=\"_blank\">fabuloso13<\/a><\/td>\n<td>Dia 20 &#8211; 23:00 BRA-9PM EST<\/td>\n<td>Soldado Gostoso na Cam -Soldier Hot Brazilian<\/td>\n<\/tr>\n<tr>\n<td><a title=\"fabuloso13\" href=\"https:\/\/www.cam4.com.br\/fabuloso13\" target=\"_blank\">fabuloso13<\/a><\/td>\n<td>Dia 21 &#8211; 23:30 BRA-9PM EST<\/td>\n<td>Soldado Gostoso na Cam -Soldier Hot Brazilian<\/td>\n<\/tr>\n<tr>\n<td><a title=\"ativoamigo\" href=\"https:\/\/www.cam4.com.br\/ativoamigo\" target=\"_blank\">ativoamigo<\/a><\/td>\n<td>Dia 19 -17:00 BRA -3PM EST<\/td>\n<td>magrinho ativo vestido de indio animando e festejando com muito tes\u00e3o.<\/td>\n<\/tr>\n<tr>\n<td><a title=\"noivalinda\" href=\"https:\/\/www.cam4.com.br\/noivalinda\" target=\"_blank\">noivalinda<\/a><\/td>\n<td>Dia 19 -13:30 BRA -11:30PM EST<\/td>\n<td>Policial sexy botando ordem no carnaval.<\/td>\n<\/tr>\n<tr>\n<td><a title=\"melsexymodel\" href=\"https:\/\/www.cam4.com.br\/melsexymodel\" target=\"_blank\">melsexymodel<\/a><\/td>\n<td>Dia 24 -20:00 BRA -06:00PM EST<\/td>\n<td>Coelhinha safada vai comer a cenoura com o cuzinho.<\/td>\n<\/tr>\n<\/tbody>\n<tbody>\n<tr>\n<td><a title=\"noivalinda\" href=\"https:\/\/www.cam4.com.br\/noivalinda\" target=\"_blank\">noivalinda<\/a><\/td>\n<td>Dia 21 -13:30 BRA -11:30PM EST<\/td>\n<td>Vem brincar comigo em ritmo de carnaval. A festa do Brasil com um toque picante.<\/td>\n<\/tr>\n<tr>\n<td><a title=\"joostriper\" href=\"https:\/\/www.cam4.com.br\/joostriper\" target=\"_blank\">joostriper<\/a><\/td>\n<td>Dia 20 -18:30 BRA -14:30AM EST<\/td>\n<td>Em ritmo de carnaval.<\/td>\n<\/tr>\n<tr>\n<td><a href=\"https:\/\/www.cam4.com.br\/anitadevassa\" target=\"_blank\">anitadevassa<\/a><\/td>\n<td>Dia 20 -22:00 BRA -10:30AM EST<\/td>\n<td>Fantasiada de gatinha no Carnaval.<\/td>\n<\/tr>\n<tr>\n<td><a title=\"lillyrush\" href=\"https:\/\/www.cam4.com.br\/lillyrush\" target=\"_blank\">lillyrush<\/a><\/td>\n<td> Dia 03 -23:00 BRA -09:00PM EST<\/td>\n<td> Fantasiada de Mulher Maravilha<\/td>\n<\/tr>\n<\/tbody>\n<\/table>\n","protected":false},"excerpt":{"rendered":"<p><a href=\"https:\/\/pt.cam4.com\/blog\/files\/2014\/02\/cam4-Carnaval-blog.jpg\"><\/a><\/p>\n<p>O Cam4 j\u00e1 est\u00e1 entrando em Clima de Carnaval de 19 de fevereiro a 4 de Mar\u00e7o vamos mostrar para o<\/p>\n","protected":false},"author":1,"featured_media":0,"parent":0,"menu_order":0,"comment_status":"open","ping_status":"open","template":"","meta":[],"yoast_head":"<!-- This site is optimized with the Yoast SEO plugin v15.3 - https:\/\/yoast.com\/wordpress\/plugins\/seo\/ -->\n<meta name=\"robots\" content=\"index, follow, max-snippet:-1, max-image-preview:large, max-video-preview:-1\" \/>\n<link rel=\"canonical\" href=\"https:\/\/pt.cam4.com\/blog\/carnaval\/\" \/>\n<meta property=\"og:locale\" content=\"en_US\" \/>\n<meta property=\"og:type\" content=\"article\" \/>\n<meta property=\"og:title\" content=\"Carnaval no CAM4 - Cam4 Brasil e Portugal\" \/>\n<meta property=\"og:description\" content=\"O Cam4 j\u00e1 est\u00e1 entrando em Clima de Carnaval de 19 de fevereiro a 4 de Mar\u00e7o vamos mostrar para o\" \/>\n<meta property=\"og:url\" content=\"https:\/\/pt.cam4.com\/blog\/carnaval\/\" \/>\n<meta property=\"og:site_name\" content=\"Cam4 Brasil e Portugal\" \/>\n<meta property=\"article:modified_time\" content=\"2014-03-02T23:27:15+00:00\" \/>\n<meta property=\"og:image\" content=\"https:\/\/pt.cam4.com\/blog\/files\/2014\/02\/cam4-Carnaval-blog.jpg\" \/>\n<meta name=\"twitter:label1\" content=\"Written by\">\n\t<meta name=\"twitter:data1\" content=\"Admin\">\n\t<meta name=\"twitter:label2\" content=\"Est. reading time\">\n\t<meta name=\"twitter:data2\" content=\"1 minute\">\n<script type=\"application\/ld+json\" class=\"yoast-schema-graph\">{\"@context\":\"https:\/\/schema.org\",\"@graph\":[{\"@type\":\"WebSite\",\"@id\":\"https:\/\/pt.cam4.com\/blog\/#website\",\"url\":\"https:\/\/pt.cam4.com\/blog\/\",\"name\":\"Cam4 Brasil e Portugal\",\"description\":\"Entrevistas com performers do Cam4 e novidades sobre o site\",\"potentialAction\":[{\"@type\":\"SearchAction\",\"target\":\"https:\/\/pt.cam4.com\/blog\/?s={search_term_string}\",\"query-input\":\"required name=search_term_string\"}],\"inLanguage\":\"en-US\"},{\"@type\":\"ImageObject\",\"@id\":\"https:\/\/pt.cam4.com\/blog\/carnaval\/#primaryimage\",\"inLanguage\":\"en-US\",\"url\":\"https:\/\/pt.cam4.com\/blog\/files\/2014\/02\/cam4-Carnaval-blog.jpg\"},{\"@type\":\"WebPage\",\"@id\":\"https:\/\/pt.cam4.com\/blog\/carnaval\/#webpage\",\"url\":\"https:\/\/pt.cam4.com\/blog\/carnaval\/\",\"name\":\"Carnaval no CAM4 - Cam4 Brasil e Portugal\",\"isPartOf\":{\"@id\":\"https:\/\/pt.cam4.com\/blog\/#website\"},\"primaryImageOfPage\":{\"@id\":\"https:\/\/pt.cam4.com\/blog\/carnaval\/#primaryimage\"},\"datePublished\":\"2014-02-13T22:26:57+00:00\",\"dateModified\":\"2014-03-02T23:27:15+00:00\",\"inLanguage\":\"en-US\",\"potentialAction\":[{\"@type\":\"ReadAction\",\"target\":[\"https:\/\/pt.cam4.com\/blog\/carnaval\/\"]}]}]}<\/script>\n<!-- \/ Yoast SEO plugin. -->","_links":{"self":[{"href":"https:\/\/pt.cam4.com\/blog\/wp-json\/wp\/v2\/pages\/5970"}],"collection":[{"href":"https:\/\/pt.cam4.com\/blog\/wp-json\/wp\/v2\/pages"}],"about":[{"href":"https:\/\/pt.cam4.com\/blog\/wp-json\/wp\/v2\/types\/page"}],"author":[{"embeddable":true,"href":"https:\/\/pt.cam4.com\/blog\/wp-json\/wp\/v2\/users\/1"}],"replies":[{"embeddable":true,"href":"https:\/\/pt.cam4.com\/blog\/wp-json\/wp\/v2\/comments?post=5970"}],"version-history":[{"count":0,"href":"https:\/\/pt.cam4.com\/blog\/wp-json\/wp\/v2\/pages\/5970\/revisions"}],"wp:attachment":[{"href":"https:\/\/pt.cam4.com\/blog\/wp-json\/wp\/v2\/media?parent=5970"}],"curies":[{"name":"wp","href":"https:\/\/api.w.org\/{rel}","templated":true}]}}