{"id":7609,"date":"2015-02-27T09:59:04","date_gmt":"2015-02-27T12:59:04","guid":{"rendered":"https:\/\/pt.blogs.cam4.com\/?page_id=7609"},"modified":"2015-04-02T13:46:13","modified_gmt":"2015-04-02T16:46:13","slug":"cam4-festa-gold","status":"publish","type":"page","link":"https:\/\/pt.cam4.com\/blog\/cam4-festa-gold\/","title":{"rendered":"CAM4 Festa Gold"},"content":{"rendered":"<p>A festa Gold \u00e9 uma performance mensal exclusiva para membros gold apenas, organizada pelo performer favorito da comunidade!<\/p>\n<p>Todo m\u00eas, dez performers v\u00e3o competir para sediar a festa Gold por terem recebido o maior n\u00famero de estrelas Gold. Voc\u00ea pode usar o seu presente estrela Gold como voto para o performer a enviando para um desses dez artistas.Lembre-se, sua Estrela Gold n\u00e3o tem de ser usada na competi\u00e7\u00e3o. Voc\u00ea \u00e9 livre para envi\u00e1-la a qualquer membro do CAM4 que voc\u00ea desejar!<\/p>\n<p>Voc\u00ea pode votar atrav\u00e9s do envio de sua Estrela Gold a um dos dez performers concorrentes do dia 1\u00ba ao dia 15 do m\u00eas. Depois do dia 15, os votos s\u00e3o computados e a data da Festa Gold \u00e9 anunciada!<\/p>\n<p><a href=\"https:\/\/www.cam4support.com\/pt-br\/category\/filiacao-gold\/\" target=\"_blank\">Festa Gold FAQ visita<\/a><\/p>\n<div class=\"one_third\" style=\"text-align:;\"><\/p>\n<div class=\"showWrap\">\n<div class=\"perfpic\" style=\"background-image: url('https:\/\/wac.9218.systemcdn.net\/809218\/content\/CDN\/profile\/200x150\/9134097.jpg');\"><a class=\"usrnm\" href=\"https:\/\/cam4.com\/coppiagold73\" target=\"_blank\"> coppiagold73 <\/a><\/div>\n<p class=\"desc\">Send me your Gold Star!<\/p>\n<p class=\"desc\"><a href=\"https:\/\/cam4.com\/coppiagold73\" target=\"_blank\">Visit Profile<\/a><\/p>\n<\/div>\n<p><\/div>\n<div class=\"one_third\" style=\"text-align:;\"><\/p>\n<div class=\"showWrap\">\n<div class=\"perfpic\" style=\"background-image: url('https:\/\/wac.9218.systemcdn.net\/809218\/content\/CDN\/profile\/200x150\/9597240.jpg');\"><a class=\"usrnm\" href=\"https:\/\/cam4.com\/parisensuell\" target=\"_blank\"> Parisensuell <\/a><\/div>\n<p class=\"desc\">Send me your Gold Star!<\/p>\n<p class=\"desc\"><a href=\"https:\/\/cam4.com\/parisensuell\" target=\"_blank\">Visit Profile<\/a><\/p>\n<\/div>\n<p><\/div>\n<div class=\"one_third_last\" style=\"text-align:;\"><\/p>\n<div class=\"showWrap\">\n<div class=\"perfpic\" style=\"background-image: url('https:\/\/wac.9218.systemcdn.net\/809218\/content\/CDN\/profile\/200x150\/9579310.jpg');\"><a class=\"usrnm\" href=\"https:\/\/cam4.com\/Xjudith20\" target=\"_blank\"> xJudith20 <\/a><\/div>\n<p class=\"desc\">Send me your Gold Star!<\/p>\n<p class=\"desc\"><a href=\"https:\/\/cam4.com\/Xjudith20\" target=\"_blank\">Visit Profile<\/a><\/p>\n<\/div>\n<p><\/div><div class=\"clear\"><\/div>\n<div class=\"one_third\" style=\"text-align:;\"><\/p>\n<div class=\"showWrap\">\n<div class=\"perfpic\" style=\"background-image: url('https:\/\/wac.9218.systemcdn.net\/809218\/content\/CDN\/profile\/200x150\/9486390.jpg');\"><a class=\"usrnm\" href=\"https:\/\/cam4.com\/_necessity_\" target=\"_blank\"> Necessity <\/a><\/div>\n<p class=\"desc\">Send me your Gold Star!<\/p>\n<p class=\"desc\"><a href=\"https:\/\/cam4.com\/_necessity_\" target=\"_blank\">Visit Profile<\/a><\/p>\n<\/div>\n<p><\/div>\n<div class=\"one_third\" style=\"text-align:;\"><\/p>\n<div class=\"showWrap\">\n<div class=\"perfpic\" style=\"background-image: url('https:\/\/wac.9218.systemcdn.net\/809218\/content\/CDN\/profile\/200x150\/9399172.jpg');\"><a class=\"usrnm\" href=\"https:\/\/cam4.com\/amelia_lyn\" target=\"_blank\"> Amelia_Lyn <\/a><\/div>\n<p class=\"desc\">Send me your Gold Star!<\/p>\n<p class=\"desc\"><a href=\"https:\/\/cam4.com\/amelia_lyn\" target=\"_blank\">Visit Profile<\/a><\/p>\n<\/div>\n<p><\/div>\n<div class=\"one_third_last\" style=\"text-align:;\"><\/p>\n<div class=\"showWrap\">\n<div class=\"perfpic\" style=\"background-image: url('https:\/\/wac.9218.systemcdn.net\/809218\/content\/CDN\/profile\/200x150\/9481983.jpg');\"><a class=\"usrnm\" href=\"https:\/\/cam4.com\/2HoneyBees1\" target=\"_blank\"> 2HoneyBees1 <\/a><\/div>\n<p class=\"desc\">Send me your Gold Star!<\/p>\n<p class=\"desc\"><a href=\"https:\/\/cam4.com\/2HoneyBees1\" target=\"_blank\">Visit Profile<\/a><\/p>\n<\/div>\n<p><\/div><div class=\"clear\"><\/div>\n<div class=\"one_third\" style=\"text-align:;\"><\/p>\n<div class=\"showWrap\">\n<div class=\"perfpic\" style=\"background-image: url('https:\/\/wac.9218.systemcdn.net\/809218\/content\/CDN\/profile\/200x150\/9598854.jpg');\"><a class=\"usrnm\" href=\"https:\/\/cam4.com\/shosanna\" target=\"_blank\"> Shosanna <\/a><\/div>\n<p class=\"desc\">Send me your Gold Star!<\/p>\n<p class=\"desc\"><a href=\"https:\/\/cam4.com\/shosanna\" target=\"_blank\">Visit Profile<\/a><\/p>\n<\/div>\n<p><\/div>\n<div class=\"one_third\" style=\"text-align:;\"><\/p>\n<div class=\"showWrap\">\n<div class=\"perfpic\" style=\"background-image: url('https:\/\/wac.9218.systemcdn.net\/809218\/content\/CDN\/profile\/200x150\/9601896.jpg');\"><a class=\"usrnm\" href=\"https:\/\/cam4.com\/danicamoon\" target=\"_blank\"> Danica Moon <\/a><\/div>\n<p class=\"desc\">Send me your Gold Star!<\/p>\n<p class=\"desc\"><a href=\"https:\/\/cam4.com\/danicamoon\" target=\"_blank\">Visit Profile<\/a><\/p>\n<\/div>\n<p><\/div>\n<div class=\"one_third_last\" style=\"text-align:;\"><\/p>\n<div class=\"showWrap\">\n<div class=\"perfpic\" style=\"background-image: url('https:\/\/wac.9218.systemcdn.net\/809218\/content\/CDN\/profile\/200x150\/9618804.jpg');\"><a class=\"usrnm\" href=\"https:\/\/cam4.com\/helo_kitty\" target=\"_blank\"> Helo Kitty <\/a><\/div>\n<p class=\"desc\">Send me your Gold Star!<\/p>\n<p class=\"desc\"><a href=\"https:\/\/cam4.com\/helo_kitty\" target=\"_blank\">Visit Profile<\/a><\/p>\n<\/div>\n<p><\/div><div class=\"clear\"><\/div>\n<div class=\"one_third\" style=\"text-align:;\"><\/p>\n<div class=\"showWrap\">\n<div class=\"perfpic\" style=\"background-image: url('https:\/\/wac.9218.systemcdn.net\/809218\/content\/CDN\/cms\/default_Female.200x150.jpg');\"><a class=\"usrnm\" href=\"https:\/\/cam4.com\/koralross\" target=\"_blank\"> Koral Ross <\/a><\/div>\n<p class=\"desc\">Send me your Gold Star!<\/p>\n<p class=\"desc\"><a href=\"https:\/\/cam4.com\/koralross\" target=\"_blank\">Visit Profile<\/a><\/p>\n<\/div>\n<p><\/div>\n","protected":false},"excerpt":{"rendered":"<p>A festa Gold \u00e9 uma performance mensal exclusiva para membros gold apenas, organizada pelo performer favorito da comunidade!<\/p>\n<p>Todo m\u00eas, dez performers v\u00e3o<\/p>\n","protected":false},"author":1,"featured_media":0,"parent":0,"menu_order":0,"comment_status":"open","ping_status":"closed","template":"","meta":[],"yoast_head":"<!-- This site is optimized with the Yoast SEO plugin v15.3 - https:\/\/yoast.com\/wordpress\/plugins\/seo\/ -->\n<meta name=\"robots\" content=\"index, follow, max-snippet:-1, max-image-preview:large, max-video-preview:-1\" \/>\n<link rel=\"canonical\" href=\"https:\/\/pt.cam4.com\/blog\/cam4-festa-gold\/\" \/>\n<meta property=\"og:locale\" content=\"en_US\" \/>\n<meta property=\"og:type\" content=\"article\" \/>\n<meta property=\"og:title\" content=\"CAM4 Festa Gold - Cam4 Brasil e Portugal\" \/>\n<meta property=\"og:description\" content=\"A festa Gold \u00e9 uma performance mensal exclusiva para membros gold apenas, organizada pelo performer favorito da comunidade! Todo m\u00eas, dez performers v\u00e3o\" \/>\n<meta property=\"og:url\" content=\"https:\/\/pt.cam4.com\/blog\/cam4-festa-gold\/\" \/>\n<meta property=\"og:site_name\" content=\"Cam4 Brasil e Portugal\" \/>\n<meta property=\"article:modified_time\" content=\"2015-04-02T16:46:13+00:00\" \/>\n<meta name=\"twitter:label1\" content=\"Written by\">\n\t<meta name=\"twitter:data1\" content=\"Admin\">\n\t<meta name=\"twitter:label2\" content=\"Est. reading time\">\n\t<meta name=\"twitter:data2\" content=\"1 minute\">\n<script type=\"application\/ld+json\" class=\"yoast-schema-graph\">{\"@context\":\"https:\/\/schema.org\",\"@graph\":[{\"@type\":\"WebSite\",\"@id\":\"https:\/\/pt.cam4.com\/blog\/#website\",\"url\":\"https:\/\/pt.cam4.com\/blog\/\",\"name\":\"Cam4 Brasil e Portugal\",\"description\":\"Entrevistas com performers do Cam4 e novidades sobre o site\",\"potentialAction\":[{\"@type\":\"SearchAction\",\"target\":\"https:\/\/pt.cam4.com\/blog\/?s={search_term_string}\",\"query-input\":\"required name=search_term_string\"}],\"inLanguage\":\"en-US\"},{\"@type\":\"WebPage\",\"@id\":\"https:\/\/pt.cam4.com\/blog\/cam4-festa-gold\/#webpage\",\"url\":\"https:\/\/pt.cam4.com\/blog\/cam4-festa-gold\/\",\"name\":\"CAM4 Festa Gold - Cam4 Brasil e Portugal\",\"isPartOf\":{\"@id\":\"https:\/\/pt.cam4.com\/blog\/#website\"},\"datePublished\":\"2015-02-27T12:59:04+00:00\",\"dateModified\":\"2015-04-02T16:46:13+00:00\",\"inLanguage\":\"en-US\",\"potentialAction\":[{\"@type\":\"ReadAction\",\"target\":[\"https:\/\/pt.cam4.com\/blog\/cam4-festa-gold\/\"]}]}]}<\/script>\n<!-- \/ Yoast SEO plugin. -->","_links":{"self":[{"href":"https:\/\/pt.cam4.com\/blog\/wp-json\/wp\/v2\/pages\/7609"}],"collection":[{"href":"https:\/\/pt.cam4.com\/blog\/wp-json\/wp\/v2\/pages"}],"about":[{"href":"https:\/\/pt.cam4.com\/blog\/wp-json\/wp\/v2\/types\/page"}],"author":[{"embeddable":true,"href":"https:\/\/pt.cam4.com\/blog\/wp-json\/wp\/v2\/users\/1"}],"replies":[{"embeddable":true,"href":"https:\/\/pt.cam4.com\/blog\/wp-json\/wp\/v2\/comments?post=7609"}],"version-history":[{"count":0,"href":"https:\/\/pt.cam4.com\/blog\/wp-json\/wp\/v2\/pages\/7609\/revisions"}],"wp:attachment":[{"href":"https:\/\/pt.cam4.com\/blog\/wp-json\/wp\/v2\/media?parent=7609"}],"curies":[{"name":"wp","href":"https:\/\/api.w.org\/{rel}","templated":true}]}}